{"id":81,"date":"2013-08-11T19:06:15","date_gmt":"2013-08-11T19:06:15","guid":{"rendered":"http:\/\/localhost:8888\/test\/?page_id=520"},"modified":"2024-09-29T23:27:34","modified_gmt":"2024-09-29T23:27:34","slug":"institucional","status":"publish","type":"page","link":"https:\/\/pocholepratti.org\/nueva\/institucional\/","title":{"rendered":"Institucional"},"content":{"rendered":"\n  <div class=\"banner has-hover has-parallax\" id=\"banner-1054673340\">\n          <div class=\"banner-inner fill\">\n        <div class=\"banner-bg fill\" data-parallax=\"-3\" data-parallax-container=\".banner\" data-parallax-background>\n            <div class=\"bg fill bg-fill \"><\/div>\n                        <div class=\"overlay\"><\/div>            \n                    <\/div><!-- bg-layers -->\n        <div class=\"banner-layers container\">\n            <div class=\"fill banner-link\"><\/div>            \n   <div id=\"text-box-828728926\" class=\"text-box banner-layer x50 md-x50 lg-x50 y80 md-y80 lg-y80 res-text\">\n                                <div class=\"text dark\">\n              \n              <div class=\"text-inner text-center\">\n                  \n<h3 style=\"text-align: center;\"><span style=\"color: #c0c0c0; font-size: 120%;\"><strong>La Biblioteca Popular Pocho Lepratti es una instituci\u00f3n conformada como Asociaci\u00f3n Civil Sin Fines de Lucro, inaugurada el 18 de octubre de 2002, en el barrio Tablada de la ciudad de Rosario.<\/strong><\/span><\/h3>\n              <\/div>\n           <\/div><!-- text-box-inner -->\n                            \n<style scope=\"scope\">\n\n#text-box-828728926 {\n  width: 60%;\n}\n#text-box-828728926 .text {\n  font-size: 100%;\n}\n<\/style>\n    <\/div><!-- text-box -->\n \n        <\/div><!-- .banner-layers -->\n      <\/div><!-- .banner-inner -->\n\n            \n<style scope=\"scope\">\n\n#banner-1054673340 {\n  padding-top: 507px;\n}\n#banner-1054673340 .bg.bg-loaded {\n  background-image: url(https:\/\/pocholepratti.org\/nueva\/wp-content\/uploads\/2018\/11\/slider_1127561764.jpg);\n}\n#banner-1054673340 .overlay {\n  background-color: rgba(0, 0, 0, 0.49);\n}\n<\/style>\n  <\/div><!-- .banner -->\n\n\n<div class=\"row\"  id=\"row-21494027\">\n<div class=\"col small-12 large-12\"  ><div class=\"col-inner\"  >\n<p><strong>ASOCIACI\u00d3N CIVIL SIN FINES DE LUCRO<\/strong><\/p>\n<p><strong>Fundada el 18\/10\/2002. Personer\u00eda Jur\u00eddica 375. Inscripta en CONABIP 4114<\/strong><\/p>\n<p>La <strong>Biblioteca Pocho Lepratti <\/strong>es una Asociaci\u00f3n Civil Sin Fines de Lucro, inaugurada en octubre de 2002, en el barrio Tablada de Rosario. El barrio naci\u00f3 como un territorio de m\u00e1rgenes, brechas y desigualdades. En sus inicios, la zona cobij\u00f3 habitantes empobrecidos y en un marco de vulnerabilidad social con una endeble presencia estatal; las inequidades existentes dificultaron el acceso a una calidad de vida aceptable. Si bien un sector del barrio ha mejorado notablemente con el transcurrir del tiempo, otro sector sufre en la actualidad el impacto de la pobreza, la violencia, el narcotr\u00e1fico, la falta de empleo estable y, en definitiva, la desafiliaci\u00f3n social.<\/p>\n<p>Desde sus comienzos, la Biblioteca Pocho Lepratti, se propuso como un \u00e1mbito socio-cultural y educativo, partiendo de la idea que este tipo de organizaciones son fundamentales para la construcci\u00f3n de una trama vincular que contribuya al dise\u00f1o y desarrollo de pol\u00edticas de acci\u00f3n social orientados a aquellos sectores de la comunidad, que exigen el pleno reconocimiento de sus derechos sociales y ciudadanos.<\/p>\n<p><strong>Claudio \u00abPocho\u00bb Lepratti<\/strong> fue un compa\u00f1ero con el que supimos compartir sue\u00f1os y que realiz\u00f3 un intenso trabajo comunitario dirigido a los ni\u00f1xs y j\u00f3venes en situaci\u00f3n de vulnerabilidad social en barrios populares de Rosario. Fue asesinado por la polic\u00eda en diciembre del 2001 en el techo de la escuela en la que trabajaba.<\/p>\n<p>La Biblioteca se propone recordar su trayectoria y realizar acciones socio-culturales desde la \u00f3ptica de la educaci\u00f3n popular, reivindicando la inclusi\u00f3n social, la participaci\u00f3n y la construcci\u00f3n de una ciudadan\u00eda plena.<\/p>\n<p>En su casa propia, funcionan actualmente diferentes espacios y proyectos que confrontan con el proceso de exclusi\u00f3n social vigente.<\/p>\n<p>Muchas de estas actividades funcionan en articulaci\u00f3n con el Estado, as\u00ed como tambi\u00e9n con otras organizaciones del territorio y la regi\u00f3n (clubes, bibliotecas, comedores, centros de salud, universidad, gremios, colectivos art\u00edsticos, etc.).<\/p>\n<p>La Biblioteca se encuentra ubicada en Chacabuco 3085, del barrio Tablada, al comienzo del sur. Una zona que guarda en su memoria colectiva la resistencia a trav\u00e9s de la participaci\u00f3n en la cultura popular.<\/p>\n<p>El barrio es denominado oficialmente como \u00abGral. San Mart\u00edn\u00bb y se encuentra delimitado por las calles San Mart\u00edn, Bv. 27 de Febrero, Bv. Segui y el r\u00edo Paran\u00e1. La instituci\u00f3n se asienta sobre la zona urbana, cercana a las v\u00edas del ferrocarril, la zona portuaria y asentamientos, a pocas cuadras del vecino barrio Rep\u00fablica de la Sexta, donde se emplaza la Ciudad Universitaria.<\/p>\n<p>En la zona existen numerosas instituciones barriales con las que la Biblioteca articula su labor: escuelas, bibliotecas, vecinales, clubes, centros comunitarios, centros de salud, comedores y copas de leche, Centro Municipal de Distrito, etc.<\/p>\n<p><strong>Proyecto institucional<\/strong><\/p>\n<p>Entendemos que las pr\u00e1cticas solidarias y participativas, desde la educaci\u00f3n popular, el arte y la comunicaci\u00f3n comunitaria constituyen herramientas importantes en un territorio atravesado por complejidades y desigualdades. Por esto, buscamos sostener y fortalecer la propuesta socio-educativa y cultural con ni\u00f1eces que de primera y segunda infancia y con adolescentes y j\u00f3venes, con quienes venimos trabajando desde una pr\u00e1ctica que ya tiene dos d\u00e9cadas en el territorio.<\/p>\n<p>Con nuestro proyecto buscamos colaborar en el fortalecimiento de espacios de encuentro, participaci\u00f3n y creaci\u00f3n entre ni\u00f1xs, adolescentes y j\u00f3venes con la comunidad y el barrio, acompa\u00f1ando el crecimiento y los aprendizajes colectivos.<\/p>\n<p>Luego de 20 a\u00f1os, vemos c\u00f3mo hoy forman parte de nuestro equipo de trabajo y educaci\u00f3n popular, muchxs j\u00f3venes que cuando eran ni\u00f1xs participaban de los talleres la Biblioteca. Creemos que esto habla de un trabajo de hormiga que apunta a generar lazos participativos y transformadores, esquivando individualismos y rompiendo desigualdades.<\/p>\n<p>Por eso apuntamos a profundizar las pr\u00e1cticas de educaci\u00f3n popular, arte y comunicaci\u00f3n comunitaria con ni\u00f1eces a trav\u00e9s de espacios de encuentro, con talleres culturales, l\u00fadicos y educativos.<\/p>\n<p>Para ello consideramos fundamental fortalecer lazos, trabajando juntxs con las organizaciones sociales, escuelas e instituciones del barrio y as\u00ed acompa\u00f1ar procesos de subjetivaci\u00f3n de las infancias, desde pr\u00e1cticas que impugnen el adultocentrismo. A su vez, buscamos impulsar valores solidarios y participativos, a trav\u00e9s de espacios de escucha y protagonismo de las ni\u00f1eces. Lo hacemos promoviendo la lectura, la imaginaci\u00f3n, la creaci\u00f3n art\u00edstica, la alfabetizaci\u00f3n, la comunicaci\u00f3n, el acontecer grupal y los valores solidarios.<\/p>\n<p><strong>Trabajamos por:<\/strong><\/p>\n<ul>\n<li><span style=\"color: #282828;\"><strong>EL RESPETO A LAS DIFERENTES IDENTIDADES CULTURALES Y DE G\u00c9NERO;<\/strong><\/span><\/li>\n<li><span style=\"color: #282828;\"><strong>LA REVALORIZACI\u00d3N DE LOS CONCEPTOS DE IGUALDAD, PARTICIPACI\u00d3N Y COOPERACI\u00d3N HUMANAS;<\/strong><\/span><\/li>\n<li><span style=\"color: #282828;\"><strong>LA EDUCACI\u00d3N, LA SALUD Y LOS DERECHOS SOCIALES;<\/strong><\/span><\/li>\n<li><span style=\"color: #282828;\"><strong>LA PLENA VIGENCIA DE LOS DERECHOS HUMANOS;<\/strong><\/span><\/li>\n<li><span style=\"color: #282828;\"><strong>LA VIGENCIA DE LA CONVENCI\u00d3N SOBRE LOS DERECHOS DEL NI\u00d1O\/A;<\/strong><\/span><\/li>\n<li><span style=\"color: #282828;\"><strong>LA PLENA REVALORIZACI\u00d3N DEL DERECHO AL TRABAJO;<\/strong><\/span><\/li>\n<li><span style=\"color: #282828;\"><strong>EL DERECHO A LA DIGNIDAD Y A LA LIBERTAD PARA DESARROLLAR LAS POTENCIALIDADES;<\/strong><\/span><\/li>\n<li><span style=\"color: #282828;\"><strong>CONTRA TODA ESTIGMATIZACI\u00d3N Y DISCRIMINACI\u00d3N EN CUALQUIER ORDEN.<\/strong><\/span><\/li>\n<\/ul>\n<p><strong>Misi\u00f3n<\/strong><\/p>\n<p>La Biblioteca es un espacio de educaci\u00f3n y cultura popular y como tal, entendi\u00e9ndola como una comunidad abierta de aprendizaje para todos los que participamos en ella siendo algunos de sus pilares la educaci\u00f3n, la comunicaci\u00f3n, los derechos sociales y ciudadanos y la generaci\u00f3n de micro-emprendimientos productivos.<\/p>\n<p><strong>Visi\u00f3n<\/strong><\/p>\n<p>Desde la labor cotidiana (\u201ctrabajo de hormiga\u201d) aspiramos a contribuir\u00a0al\u00a0proyecto de transformaci\u00f3n social, que s\u00f3lo puede llevar adelante la comunidad en su conjunto por lo que nos comprometemos con los problemas que ocurren en la misma procurando incidir en pos de mejores situaciones en educaci\u00f3n, trabajo, salud, cultura apuntando a que se logre una\u00a0distribuci\u00f3n equitativa de las riquezas, tanto en bienes materiales como culturales.<\/p>\n<p><strong>Objetivos<\/strong><\/p>\n<ul>\n<li>Generar espacios sociales que confronten con el proceso de exclusi\u00f3n social.<\/li>\n<li>Fomentar y difundir derechos sociales que redunden en favor de una mejor calidad de vida ciudadana.<\/li>\n<li>Promover programas de acci\u00f3n comunitaria y mecanismos participativos y solidarios que expresen la creatividad y los conocimientos populares, como aportes a la transformaci\u00f3n de la realidad de la comunidad.<\/li>\n<li>Desarrollar y gestionar proyectos y propuestas ante organismos nacionales e internacionales para implementar dispositivos de abordaje socio-comunitario, destinados a favorecer la inclusi\u00f3n social, educativa y laboral de hombres, mujeres y ni\u00f1xs, cuya situaci\u00f3n individual y familiar se haya visto vulnerada a partir de las consecuencias de la aplicaci\u00f3n de modelos de exclusi\u00f3n social en Am\u00e9rica Latina.<\/li>\n<li>Publicar, difundir e intercambiar trabajos e investigaciones, incentivando las relaciones con otras bibliotecas, centros e instituciones afines que aborden tem\u00e1ticas ligadas al campo comunitario, sobre todo en lo que respecta a la educaci\u00f3n, a la comunicaci\u00f3n\u00a0y a la participaci\u00f3n popular.<\/li>\n<li>Articular nuestra labor comunitaria con organizaciones gubernamentales y no-gubernamentales, universidades, colegios profesionales, otros movimientos y actores sociales, propendiendo a fortificar las redes sociales.<\/li>\n<\/ul>\n<p><strong>Integrantes<\/strong><\/p>\n<p>La Biblioteca est\u00e1 conformada por un colectivo de personas integrado por vecinxs, profesionales, estudiantes universitarios y un nutrido grupo de actores sociales movidos por la convicci\u00f3n de que las transformaciones se realizan desde abajo, interactuando con quien est\u00e1 a nuestro lado. Entre todxs, apuntamos a constituir equipos que intervengan\u00a0en\u00a0la cuesti\u00f3n comunitaria.<\/p>\n<div class=\"text-center\"><div class=\"is-divider divider clearfix\" ><\/div><\/div><!-- .divider -->\n<\/div><\/div>\n<\/div>\n","protected":false},"excerpt":{"rendered":"","protected":false},"author":1,"featured_media":11,"parent":0,"menu_order":0,"comment_status":"closed","ping_status":"closed","template":"page-blank.php","meta":{"footnotes":""},"class_list":["post-81","page","type-page","status-publish","has-post-thumbnail","hentry"],"yoast_head":"<!-- This site is optimized with the Yoast SEO plugin v27.1.1 - https:\/\/yoast.com\/product\/yoast-seo-wordpress\/ -->\n<title>Institucional - Radio la Hormiga 104.3<\/title>\n<meta name=\"robots\" content=\"index, follow, max-snippet:-1, max-image-preview:large, max-video-preview:-1\" \/>\n<link rel=\"canonical\" href=\"https:\/\/pocholepratti.org\/nueva\/institucional\/\" \/>\n<meta property=\"og:locale\" content=\"es_ES\" \/>\n<meta property=\"og:type\" content=\"article\" \/>\n<meta property=\"og:title\" content=\"Institucional - Radio la Hormiga 104.3\" \/>\n<meta property=\"og:url\" content=\"https:\/\/pocholepratti.org\/nueva\/institucional\/\" \/>\n<meta property=\"og:site_name\" content=\"Radio la Hormiga 104.3\" \/>\n<meta property=\"article:publisher\" content=\"https:\/\/web.facebook.com\/biblioteca.pocholepratti\" \/>\n<meta property=\"article:modified_time\" content=\"2024-09-29T23:27:34+00:00\" \/>\n<meta property=\"og:image\" content=\"https:\/\/pocholepratti.org\/nueva\/wp-content\/uploads\/2016\/08\/dummy-1.jpg\" \/>\n\t<meta property=\"og:image:width\" content=\"400\" \/>\n\t<meta property=\"og:image:height\" content=\"260\" \/>\n\t<meta property=\"og:image:type\" content=\"image\/jpeg\" \/>\n<meta name=\"twitter:card\" content=\"summary_large_image\" \/>\n<meta name=\"twitter:label1\" content=\"Tiempo de lectura\" \/>\n\t<meta name=\"twitter:data1\" content=\"6 minutos\" \/>\n<script type=\"application\/ld+json\" class=\"yoast-schema-graph\">{\"@context\":\"https:\/\/schema.org\",\"@graph\":[{\"@type\":\"WebPage\",\"@id\":\"https:\/\/pocholepratti.org\/nueva\/institucional\/\",\"url\":\"https:\/\/pocholepratti.org\/nueva\/institucional\/\",\"name\":\"Institucional - Radio la Hormiga 104.3\",\"isPartOf\":{\"@id\":\"https:\/\/pocholepratti.org\/nueva\/#website\"},\"primaryImageOfPage\":{\"@id\":\"https:\/\/pocholepratti.org\/nueva\/institucional\/#primaryimage\"},\"image\":{\"@id\":\"https:\/\/pocholepratti.org\/nueva\/institucional\/#primaryimage\"},\"thumbnailUrl\":\"https:\/\/pocholepratti.org\/nueva\/wp-content\/uploads\/2016\/08\/dummy-1.jpg\",\"datePublished\":\"2013-08-11T19:06:15+00:00\",\"dateModified\":\"2024-09-29T23:27:34+00:00\",\"breadcrumb\":{\"@id\":\"https:\/\/pocholepratti.org\/nueva\/institucional\/#breadcrumb\"},\"inLanguage\":\"es\",\"potentialAction\":[{\"@type\":\"ReadAction\",\"target\":[\"https:\/\/pocholepratti.org\/nueva\/institucional\/\"]}]},{\"@type\":\"ImageObject\",\"inLanguage\":\"es\",\"@id\":\"https:\/\/pocholepratti.org\/nueva\/institucional\/#primaryimage\",\"url\":\"https:\/\/pocholepratti.org\/nueva\/wp-content\/uploads\/2016\/08\/dummy-1.jpg\",\"contentUrl\":\"https:\/\/pocholepratti.org\/nueva\/wp-content\/uploads\/2016\/08\/dummy-1.jpg\",\"width\":400,\"height\":260},{\"@type\":\"BreadcrumbList\",\"@id\":\"https:\/\/pocholepratti.org\/nueva\/institucional\/#breadcrumb\",\"itemListElement\":[{\"@type\":\"ListItem\",\"position\":1,\"name\":\"Portada\",\"item\":\"https:\/\/pocholepratti.org\/nueva\/\"},{\"@type\":\"ListItem\",\"position\":2,\"name\":\"Institucional\"}]},{\"@type\":\"WebSite\",\"@id\":\"https:\/\/pocholepratti.org\/nueva\/#website\",\"url\":\"https:\/\/pocholepratti.org\/nueva\/\",\"name\":\"Radio la Hormiga 104.3\",\"description\":\"Biblioteca popular Pocho Lepratti\",\"publisher\":{\"@id\":\"https:\/\/pocholepratti.org\/nueva\/#organization\"},\"potentialAction\":[{\"@type\":\"SearchAction\",\"target\":{\"@type\":\"EntryPoint\",\"urlTemplate\":\"https:\/\/pocholepratti.org\/nueva\/?s={search_term_string}\"},\"query-input\":{\"@type\":\"PropertyValueSpecification\",\"valueRequired\":true,\"valueName\":\"search_term_string\"}}],\"inLanguage\":\"es\"},{\"@type\":\"Organization\",\"@id\":\"https:\/\/pocholepratti.org\/nueva\/#organization\",\"name\":\"Radio la Hormiga 104.3\",\"url\":\"https:\/\/pocholepratti.org\/nueva\/\",\"logo\":{\"@type\":\"ImageObject\",\"inLanguage\":\"es\",\"@id\":\"https:\/\/pocholepratti.org\/nueva\/#\/schema\/logo\/image\/\",\"url\":\"https:\/\/pocholepratti.org\/nueva\/wp-content\/uploads\/2024\/09\/cropped-cropped-cropped-LOGO-BIBLIO.jpg\",\"contentUrl\":\"https:\/\/pocholepratti.org\/nueva\/wp-content\/uploads\/2024\/09\/cropped-cropped-cropped-LOGO-BIBLIO.jpg\",\"width\":982,\"height\":982,\"caption\":\"Radio la Hormiga 104.3\"},\"image\":{\"@id\":\"https:\/\/pocholepratti.org\/nueva\/#\/schema\/logo\/image\/\"},\"sameAs\":[\"https:\/\/web.facebook.com\/biblioteca.pocholepratti\"]}]}<\/script>\n<!-- \/ Yoast SEO plugin. -->","yoast_head_json":{"title":"Institucional - Radio la Hormiga 104.3","robots":{"index":"index","follow":"follow","max-snippet":"max-snippet:-1","max-image-preview":"max-image-preview:large","max-video-preview":"max-video-preview:-1"},"canonical":"https:\/\/pocholepratti.org\/nueva\/institucional\/","og_locale":"es_ES","og_type":"article","og_title":"Institucional - Radio la Hormiga 104.3","og_url":"https:\/\/pocholepratti.org\/nueva\/institucional\/","og_site_name":"Radio la Hormiga 104.3","article_publisher":"https:\/\/web.facebook.com\/biblioteca.pocholepratti","article_modified_time":"2024-09-29T23:27:34+00:00","og_image":[{"width":400,"height":260,"url":"https:\/\/pocholepratti.org\/nueva\/wp-content\/uploads\/2016\/08\/dummy-1.jpg","type":"image\/jpeg"}],"twitter_card":"summary_large_image","twitter_misc":{"Tiempo de lectura":"6 minutos"},"schema":{"@context":"https:\/\/schema.org","@graph":[{"@type":"WebPage","@id":"https:\/\/pocholepratti.org\/nueva\/institucional\/","url":"https:\/\/pocholepratti.org\/nueva\/institucional\/","name":"Institucional - Radio la Hormiga 104.3","isPartOf":{"@id":"https:\/\/pocholepratti.org\/nueva\/#website"},"primaryImageOfPage":{"@id":"https:\/\/pocholepratti.org\/nueva\/institucional\/#primaryimage"},"image":{"@id":"https:\/\/pocholepratti.org\/nueva\/institucional\/#primaryimage"},"thumbnailUrl":"https:\/\/pocholepratti.org\/nueva\/wp-content\/uploads\/2016\/08\/dummy-1.jpg","datePublished":"2013-08-11T19:06:15+00:00","dateModified":"2024-09-29T23:27:34+00:00","breadcrumb":{"@id":"https:\/\/pocholepratti.org\/nueva\/institucional\/#breadcrumb"},"inLanguage":"es","potentialAction":[{"@type":"ReadAction","target":["https:\/\/pocholepratti.org\/nueva\/institucional\/"]}]},{"@type":"ImageObject","inLanguage":"es","@id":"https:\/\/pocholepratti.org\/nueva\/institucional\/#primaryimage","url":"https:\/\/pocholepratti.org\/nueva\/wp-content\/uploads\/2016\/08\/dummy-1.jpg","contentUrl":"https:\/\/pocholepratti.org\/nueva\/wp-content\/uploads\/2016\/08\/dummy-1.jpg","width":400,"height":260},{"@type":"BreadcrumbList","@id":"https:\/\/pocholepratti.org\/nueva\/institucional\/#breadcrumb","itemListElement":[{"@type":"ListItem","position":1,"name":"Portada","item":"https:\/\/pocholepratti.org\/nueva\/"},{"@type":"ListItem","position":2,"name":"Institucional"}]},{"@type":"WebSite","@id":"https:\/\/pocholepratti.org\/nueva\/#website","url":"https:\/\/pocholepratti.org\/nueva\/","name":"Radio la Hormiga 104.3","description":"Biblioteca popular Pocho Lepratti","publisher":{"@id":"https:\/\/pocholepratti.org\/nueva\/#organization"},"potentialAction":[{"@type":"SearchAction","target":{"@type":"EntryPoint","urlTemplate":"https:\/\/pocholepratti.org\/nueva\/?s={search_term_string}"},"query-input":{"@type":"PropertyValueSpecification","valueRequired":true,"valueName":"search_term_string"}}],"inLanguage":"es"},{"@type":"Organization","@id":"https:\/\/pocholepratti.org\/nueva\/#organization","name":"Radio la Hormiga 104.3","url":"https:\/\/pocholepratti.org\/nueva\/","logo":{"@type":"ImageObject","inLanguage":"es","@id":"https:\/\/pocholepratti.org\/nueva\/#\/schema\/logo\/image\/","url":"https:\/\/pocholepratti.org\/nueva\/wp-content\/uploads\/2024\/09\/cropped-cropped-cropped-LOGO-BIBLIO.jpg","contentUrl":"https:\/\/pocholepratti.org\/nueva\/wp-content\/uploads\/2024\/09\/cropped-cropped-cropped-LOGO-BIBLIO.jpg","width":982,"height":982,"caption":"Radio la Hormiga 104.3"},"image":{"@id":"https:\/\/pocholepratti.org\/nueva\/#\/schema\/logo\/image\/"},"sameAs":["https:\/\/web.facebook.com\/biblioteca.pocholepratti"]}]}},"_links":{"self":[{"href":"https:\/\/pocholepratti.org\/nueva\/wp-json\/wp\/v2\/pages\/81","targetHints":{"allow":["GET"]}}],"collection":[{"href":"https:\/\/pocholepratti.org\/nueva\/wp-json\/wp\/v2\/pages"}],"about":[{"href":"https:\/\/pocholepratti.org\/nueva\/wp-json\/wp\/v2\/types\/page"}],"author":[{"embeddable":true,"href":"https:\/\/pocholepratti.org\/nueva\/wp-json\/wp\/v2\/users\/1"}],"replies":[{"embeddable":true,"href":"https:\/\/pocholepratti.org\/nueva\/wp-json\/wp\/v2\/comments?post=81"}],"version-history":[{"count":9,"href":"https:\/\/pocholepratti.org\/nueva\/wp-json\/wp\/v2\/pages\/81\/revisions"}],"predecessor-version":[{"id":1363,"href":"https:\/\/pocholepratti.org\/nueva\/wp-json\/wp\/v2\/pages\/81\/revisions\/1363"}],"wp:featuredmedia":[{"embeddable":true,"href":"https:\/\/pocholepratti.org\/nueva\/wp-json\/wp\/v2\/media\/11"}],"wp:attachment":[{"href":"https:\/\/pocholepratti.org\/nueva\/wp-json\/wp\/v2\/media?parent=81"}],"curies":[{"name":"wp","href":"https:\/\/api.w.org\/{rel}","templated":true}]}}