{"id":291,"date":"2019-05-30T20:15:21","date_gmt":"2019-05-30T20:15:21","guid":{"rendered":"https:\/\/pocholepratti.org\/nueva\/?page_id=291"},"modified":"2022-04-03T20:06:30","modified_gmt":"2022-04-03T20:06:30","slug":"centro-de-dia","status":"publish","type":"page","link":"https:\/\/pocholepratti.org\/nueva\/centro-de-dia\/","title":{"rendered":"Centro de d\u00eda"},"content":{"rendered":"\n  <div class=\"banner has-hover has-parallax\" id=\"banner-1035499975\">\n          <div class=\"banner-inner fill\">\n        <div class=\"banner-bg fill\" data-parallax=\"-3\" data-parallax-container=\".banner\" data-parallax-background>\n            <div class=\"bg fill bg-fill \"><\/div>\n                        <div class=\"overlay\"><\/div>            \n                    <\/div><!-- bg-layers -->\n        <div class=\"banner-layers container\">\n            <div class=\"fill banner-link\"><\/div>            \n   <div id=\"text-box-195875358\" class=\"text-box banner-layer x50 md-x50 lg-x50 y80 md-y80 lg-y80 res-text\">\n                                <div class=\"text dark\">\n              \n              <div class=\"text-inner text-center\">\n                  \n<h2>CENTRO DE D\u00cdA<\/h2>\n              <\/div>\n           <\/div><!-- text-box-inner -->\n                            \n<style scope=\"scope\">\n\n#text-box-195875358 {\n  width: 60%;\n}\n#text-box-195875358 .text {\n  font-size: 100%;\n}\n<\/style>\n    <\/div><!-- text-box -->\n \n        <\/div><!-- .banner-layers -->\n      <\/div><!-- .banner-inner -->\n\n            \n<style scope=\"scope\">\n\n#banner-1035499975 {\n  padding-top: 507px;\n}\n#banner-1035499975 .bg.bg-loaded {\n  background-image: url(https:\/\/pocholepratti.org\/nueva\/wp-content\/uploads\/2018\/12\/slider_544309001.jpg);\n}\n#banner-1035499975 .overlay {\n  background-color: rgba(0, 0, 0, 0.49);\n}\n#banner-1035499975 .bg {\n  background-position: 10% 30%;\n}\n<\/style>\n  <\/div><!-- .banner -->\n\n\n<div class=\"row\"  id=\"row-865341574\">\n<div class=\"col small-12 large-12\"  ><div class=\"col-inner\"  >\n<h3><strong>La Biblioteca, a trav\u00e9s de convenios con el Ministerio de Desarrollo Social de la Provincia de Santa Fe, desde el a\u00f1o 2014 se ha constituido como un Centro de D\u00eda.<\/strong><\/h3>\n<p>Pero \u00bfQu\u00e9 es un Centro de D\u00eda? Se trata, en primer lugar, de un espacio de promoci\u00f3n de protecci\u00f3n integral de derechos, que forma parte de un espacio mayor que tiene como \u00faltima finalidad generar procesos de inclusi\u00f3n y restituci\u00f3n de derechos para ni\u00f1xs y j\u00f3venes, entre 12 y 18 a\u00f1os, en situaci\u00f3n de vulnerabilidad social.<\/p>\n<p>A fin de poder poner en pr\u00e1ctica estos procesos de inclusi\u00f3n y restituci\u00f3n de derechos, los Centros de D\u00eda se proponen alcanzar como principales objetivos los siguientes:<\/p>\n<ul>\n<li>Garantizar el acceso de los adolescentes a espacios educativos no formales.<\/li>\n<li>Colaborar en la construcci\u00f3n de trayectorias y proyectos vitales.<\/li>\n<li>Posibilitar la generaci\u00f3n de lazos y la construcci\u00f3n de identidades a partir del encuentro con el otro.<\/li>\n<li>Fortalecer los espacios de contenci\u00f3n ya existentes en el territorio y ofrecer contenci\u00f3n y acompa\u00f1amiento a estas personas.<\/li>\n<\/ul>\n<p>Adem\u00e1s, cabe destacar que el Centro de D\u00eda Biblioteca Pocho Lepratti, en particular, forma parte de una red de organizaciones sociales y culturales, as\u00ed como de otras instituciones, constituidas espec\u00edficamente en el Barrio Tablada. La finalidad de la misma es, en primer lugar, terminar con la fragmentaci\u00f3n entre organizaciones al interior de dicho barrio, a trav\u00e9s del di\u00e1logo constante, y la articulaci\u00f3n de las actividades particulares que cada una desarrolla en funci\u00f3n del objetivo que las ha constituido.<\/p>\n<div class=\"text-center\"><div class=\"is-divider divider clearfix\" ><\/div><\/div><!-- .divider -->\n<\/div><\/div>\n<\/div>\n","protected":false},"excerpt":{"rendered":"","protected":false},"author":1,"featured_media":0,"parent":0,"menu_order":0,"comment_status":"closed","ping_status":"closed","template":"page-blank.php","meta":{"footnotes":""},"class_list":["post-291","page","type-page","status-publish","hentry"],"yoast_head":"<!-- This site is optimized with the Yoast SEO plugin v27.1.1 - https:\/\/yoast.com\/product\/yoast-seo-wordpress\/ -->\n<title>Centro de d\u00eda - Radio la Hormiga 104.3<\/title>\n<meta name=\"robots\" content=\"index, follow, max-snippet:-1, max-image-preview:large, max-video-preview:-1\" \/>\n<link rel=\"canonical\" href=\"https:\/\/pocholepratti.org\/nueva\/centro-de-dia\/\" \/>\n<meta property=\"og:locale\" content=\"es_ES\" \/>\n<meta property=\"og:type\" content=\"article\" \/>\n<meta property=\"og:title\" content=\"Centro de d\u00eda - Radio la Hormiga 104.3\" \/>\n<meta property=\"og:url\" content=\"https:\/\/pocholepratti.org\/nueva\/centro-de-dia\/\" \/>\n<meta property=\"og:site_name\" content=\"Radio la Hormiga 104.3\" \/>\n<meta property=\"article:publisher\" content=\"https:\/\/web.facebook.com\/biblioteca.pocholepratti\" \/>\n<meta property=\"article:modified_time\" content=\"2022-04-03T20:06:30+00:00\" \/>\n<meta name=\"twitter:card\" content=\"summary_large_image\" \/>\n<meta name=\"twitter:label1\" content=\"Tiempo de lectura\" \/>\n\t<meta name=\"twitter:data1\" content=\"2 minutos\" \/>\n<script type=\"application\/ld+json\" class=\"yoast-schema-graph\">{\"@context\":\"https:\/\/schema.org\",\"@graph\":[{\"@type\":\"WebPage\",\"@id\":\"https:\/\/pocholepratti.org\/nueva\/centro-de-dia\/\",\"url\":\"https:\/\/pocholepratti.org\/nueva\/centro-de-dia\/\",\"name\":\"Centro de d\u00eda - Radio la Hormiga 104.3\",\"isPartOf\":{\"@id\":\"https:\/\/pocholepratti.org\/nueva\/#website\"},\"datePublished\":\"2019-05-30T20:15:21+00:00\",\"dateModified\":\"2022-04-03T20:06:30+00:00\",\"breadcrumb\":{\"@id\":\"https:\/\/pocholepratti.org\/nueva\/centro-de-dia\/#breadcrumb\"},\"inLanguage\":\"es\",\"potentialAction\":[{\"@type\":\"ReadAction\",\"target\":[\"https:\/\/pocholepratti.org\/nueva\/centro-de-dia\/\"]}]},{\"@type\":\"BreadcrumbList\",\"@id\":\"https:\/\/pocholepratti.org\/nueva\/centro-de-dia\/#breadcrumb\",\"itemListElement\":[{\"@type\":\"ListItem\",\"position\":1,\"name\":\"Portada\",\"item\":\"https:\/\/pocholepratti.org\/nueva\/\"},{\"@type\":\"ListItem\",\"position\":2,\"name\":\"Centro de d\u00eda\"}]},{\"@type\":\"WebSite\",\"@id\":\"https:\/\/pocholepratti.org\/nueva\/#website\",\"url\":\"https:\/\/pocholepratti.org\/nueva\/\",\"name\":\"Radio la Hormiga 104.3\",\"description\":\"Biblioteca popular Pocho Lepratti\",\"publisher\":{\"@id\":\"https:\/\/pocholepratti.org\/nueva\/#organization\"},\"potentialAction\":[{\"@type\":\"SearchAction\",\"target\":{\"@type\":\"EntryPoint\",\"urlTemplate\":\"https:\/\/pocholepratti.org\/nueva\/?s={search_term_string}\"},\"query-input\":{\"@type\":\"PropertyValueSpecification\",\"valueRequired\":true,\"valueName\":\"search_term_string\"}}],\"inLanguage\":\"es\"},{\"@type\":\"Organization\",\"@id\":\"https:\/\/pocholepratti.org\/nueva\/#organization\",\"name\":\"Radio la Hormiga 104.3\",\"url\":\"https:\/\/pocholepratti.org\/nueva\/\",\"logo\":{\"@type\":\"ImageObject\",\"inLanguage\":\"es\",\"@id\":\"https:\/\/pocholepratti.org\/nueva\/#\/schema\/logo\/image\/\",\"url\":\"https:\/\/pocholepratti.org\/nueva\/wp-content\/uploads\/2024\/09\/cropped-cropped-cropped-LOGO-BIBLIO.jpg\",\"contentUrl\":\"https:\/\/pocholepratti.org\/nueva\/wp-content\/uploads\/2024\/09\/cropped-cropped-cropped-LOGO-BIBLIO.jpg\",\"width\":982,\"height\":982,\"caption\":\"Radio la Hormiga 104.3\"},\"image\":{\"@id\":\"https:\/\/pocholepratti.org\/nueva\/#\/schema\/logo\/image\/\"},\"sameAs\":[\"https:\/\/web.facebook.com\/biblioteca.pocholepratti\"]}]}<\/script>\n<!-- \/ Yoast SEO plugin. -->","yoast_head_json":{"title":"Centro de d\u00eda - Radio la Hormiga 104.3","robots":{"index":"index","follow":"follow","max-snippet":"max-snippet:-1","max-image-preview":"max-image-preview:large","max-video-preview":"max-video-preview:-1"},"canonical":"https:\/\/pocholepratti.org\/nueva\/centro-de-dia\/","og_locale":"es_ES","og_type":"article","og_title":"Centro de d\u00eda - Radio la Hormiga 104.3","og_url":"https:\/\/pocholepratti.org\/nueva\/centro-de-dia\/","og_site_name":"Radio la Hormiga 104.3","article_publisher":"https:\/\/web.facebook.com\/biblioteca.pocholepratti","article_modified_time":"2022-04-03T20:06:30+00:00","twitter_card":"summary_large_image","twitter_misc":{"Tiempo de lectura":"2 minutos"},"schema":{"@context":"https:\/\/schema.org","@graph":[{"@type":"WebPage","@id":"https:\/\/pocholepratti.org\/nueva\/centro-de-dia\/","url":"https:\/\/pocholepratti.org\/nueva\/centro-de-dia\/","name":"Centro de d\u00eda - Radio la Hormiga 104.3","isPartOf":{"@id":"https:\/\/pocholepratti.org\/nueva\/#website"},"datePublished":"2019-05-30T20:15:21+00:00","dateModified":"2022-04-03T20:06:30+00:00","breadcrumb":{"@id":"https:\/\/pocholepratti.org\/nueva\/centro-de-dia\/#breadcrumb"},"inLanguage":"es","potentialAction":[{"@type":"ReadAction","target":["https:\/\/pocholepratti.org\/nueva\/centro-de-dia\/"]}]},{"@type":"BreadcrumbList","@id":"https:\/\/pocholepratti.org\/nueva\/centro-de-dia\/#breadcrumb","itemListElement":[{"@type":"ListItem","position":1,"name":"Portada","item":"https:\/\/pocholepratti.org\/nueva\/"},{"@type":"ListItem","position":2,"name":"Centro de d\u00eda"}]},{"@type":"WebSite","@id":"https:\/\/pocholepratti.org\/nueva\/#website","url":"https:\/\/pocholepratti.org\/nueva\/","name":"Radio la Hormiga 104.3","description":"Biblioteca popular Pocho Lepratti","publisher":{"@id":"https:\/\/pocholepratti.org\/nueva\/#organization"},"potentialAction":[{"@type":"SearchAction","target":{"@type":"EntryPoint","urlTemplate":"https:\/\/pocholepratti.org\/nueva\/?s={search_term_string}"},"query-input":{"@type":"PropertyValueSpecification","valueRequired":true,"valueName":"search_term_string"}}],"inLanguage":"es"},{"@type":"Organization","@id":"https:\/\/pocholepratti.org\/nueva\/#organization","name":"Radio la Hormiga 104.3","url":"https:\/\/pocholepratti.org\/nueva\/","logo":{"@type":"ImageObject","inLanguage":"es","@id":"https:\/\/pocholepratti.org\/nueva\/#\/schema\/logo\/image\/","url":"https:\/\/pocholepratti.org\/nueva\/wp-content\/uploads\/2024\/09\/cropped-cropped-cropped-LOGO-BIBLIO.jpg","contentUrl":"https:\/\/pocholepratti.org\/nueva\/wp-content\/uploads\/2024\/09\/cropped-cropped-cropped-LOGO-BIBLIO.jpg","width":982,"height":982,"caption":"Radio la Hormiga 104.3"},"image":{"@id":"https:\/\/pocholepratti.org\/nueva\/#\/schema\/logo\/image\/"},"sameAs":["https:\/\/web.facebook.com\/biblioteca.pocholepratti"]}]}},"_links":{"self":[{"href":"https:\/\/pocholepratti.org\/nueva\/wp-json\/wp\/v2\/pages\/291","targetHints":{"allow":["GET"]}}],"collection":[{"href":"https:\/\/pocholepratti.org\/nueva\/wp-json\/wp\/v2\/pages"}],"about":[{"href":"https:\/\/pocholepratti.org\/nueva\/wp-json\/wp\/v2\/types\/page"}],"author":[{"embeddable":true,"href":"https:\/\/pocholepratti.org\/nueva\/wp-json\/wp\/v2\/users\/1"}],"replies":[{"embeddable":true,"href":"https:\/\/pocholepratti.org\/nueva\/wp-json\/wp\/v2\/comments?post=291"}],"version-history":[{"count":7,"href":"https:\/\/pocholepratti.org\/nueva\/wp-json\/wp\/v2\/pages\/291\/revisions"}],"predecessor-version":[{"id":1014,"href":"https:\/\/pocholepratti.org\/nueva\/wp-json\/wp\/v2\/pages\/291\/revisions\/1014"}],"wp:attachment":[{"href":"https:\/\/pocholepratti.org\/nueva\/wp-json\/wp\/v2\/media?parent=291"}],"curies":[{"name":"wp","href":"https:\/\/api.w.org\/{rel}","templated":true}]}}