{"id":281,"date":"2019-05-30T20:03:31","date_gmt":"2019-05-30T20:03:31","guid":{"rendered":"https:\/\/pocholepratti.org\/nueva\/?page_id=281"},"modified":"2025-09-01T00:50:07","modified_gmt":"2025-09-01T00:50:07","slug":"jardin-de-infantes-las-hormiguitas","status":"publish","type":"page","link":"https:\/\/pocholepratti.org\/nueva\/jardin-de-infantes-las-hormiguitas\/","title":{"rendered":"Jardin de infantes \u00abLas Hormiguitas\u00bb"},"content":{"rendered":"<h2><\/h2>\n<h2 style=\"text-align: left;\"><img fetchpriority=\"high\" decoding=\"async\" class=\"size-full wp-image-2017 aligncenter\" src=\"https:\/\/pocholepratti.org\/nueva\/wp-content\/uploads\/2025\/08\/Portada-de-Facebook-Jardin-de-Infantes-Lindo-Rosa-Pastel-1.png\" alt=\"\" width=\"851\" height=\"315\" srcset=\"https:\/\/pocholepratti.org\/nueva\/wp-content\/uploads\/2025\/08\/Portada-de-Facebook-Jardin-de-Infantes-Lindo-Rosa-Pastel-1.png 851w, https:\/\/pocholepratti.org\/nueva\/wp-content\/uploads\/2025\/08\/Portada-de-Facebook-Jardin-de-Infantes-Lindo-Rosa-Pastel-1-800x296.png 800w, https:\/\/pocholepratti.org\/nueva\/wp-content\/uploads\/2025\/08\/Portada-de-Facebook-Jardin-de-Infantes-Lindo-Rosa-Pastel-1-768x284.png 768w\" sizes=\"(max-width: 851px) 100vw, 851px\" \/><\/h2>\n<p>&nbsp;<\/p>\n<p style=\"text-align: left; padding-left: 40px;\"><span style=\"font-weight: 400;\">Un espacio de educaci\u00f3n inicial de la <\/span><b>Biblioteca Popular Pocho Lepratti<\/b><span style=\"font-weight: 400;\">, que desde el 2009 abre sus puertas en el barrio Tablada de Rosario para acompa\u00f1ar a ni\u00f1os y ni\u00f1as de <\/span><b>2, 3 y 4 a\u00f1os<\/b><span style=\"font-weight: 400;\">.<\/span><\/p>\n<h2 style=\"text-align: left; padding-left: 40px;\"><b>\u2728 Nuestra identidad<\/b><\/h2>\n<p style=\"text-align: left; padding-left: 40px;\"><span style=\"font-weight: 400;\">El Jard\u00edn \u201cLas Hormiguitas\u201d nace como una <\/span><b>necesidad comunitaria<\/b><span style=\"font-weight: 400;\">, creando un lugar donde la infancia sea reconocida en sus derechos y acompa\u00f1ada con amor, respeto y ternura.<\/span><\/p>\n<p style=\"text-align: left; padding-left: 40px;\"><span style=\"font-weight: 400;\">Creemos en una <\/span><b>educaci\u00f3n inclusiva y socializadora<\/b><span style=\"font-weight: 400;\">, donde cada ni\u00f1o pueda crecer y aprender en un ambiente que valore la diversidad, la cultura popular y la solidaridad.<\/span><\/p>\n<h2 style=\"text-align: left; padding-left: 40px;\"><b>\ud83d\udc9c Nuestro prop\u00f3sito<\/b><\/h2>\n<ul>\n<li style=\"list-style-type: none;\">\n<ul style=\"text-align: left;\">\n<li style=\"font-weight: 400;\" aria-level=\"1\"><span style=\"font-weight: 400;\">Brindar una <\/span><b>educaci\u00f3n integral y afectiva<\/b><span style=\"font-weight: 400;\"> que involucre a ni\u00f1os, familias, docentes y comunidad.<\/span><\/li>\n<li style=\"font-weight: 400;\" aria-level=\"1\"><span style=\"font-weight: 400;\">Promover la <\/span><b>lectura, el juego, el arte y el cuidado del ambiente<\/b><span style=\"font-weight: 400;\"> como caminos de aprendizaje.<\/span><\/li>\n<li style=\"font-weight: 400;\" aria-level=\"1\"><span style=\"font-weight: 400;\">Revalorizar la <\/span><b>participaci\u00f3n comunitaria<\/b><span style=\"font-weight: 400;\">, generadora de lazos y saberes colectivos.<\/span><\/li>\n<li style=\"font-weight: 400;\" aria-level=\"1\"><span style=\"font-weight: 400;\">Fomentar la <\/span><b>cooperaci\u00f3n, la integraci\u00f3n y el respeto mutuo<\/b><span style=\"font-weight: 400;\"> como bases de convivencia.<\/span><\/li>\n<\/ul>\n<\/li>\n<\/ul>\n<h2 style=\"text-align: left; padding-left: 40px;\"><b>\ud83c\udfaf Objetivos<\/b><\/h2>\n<ul>\n<li style=\"list-style-type: none;\">\n<ul>\n<li style=\"font-weight: 400; text-align: left;\" aria-level=\"1\"><b>Acompa\u00f1ar<\/b><span style=\"font-weight: 400;\"> el desarrollo integral de cada ni\u00f1x.<\/span><\/li>\n<li style=\"font-weight: 400; text-align: left;\" aria-level=\"1\"><span style=\"font-weight: 400;\">Favorecer la <\/span><b>construcci\u00f3n de valores solidarios y comunitarios<\/b><span style=\"font-weight: 400;\">.<\/span><\/li>\n<li style=\"font-weight: 400; text-align: left;\" aria-level=\"1\"><span style=\"font-weight: 400;\">Impulsar el <\/span><b>di\u00e1logo, la comunicaci\u00f3n y el intercambio<\/b><span style=\"font-weight: 400;\"> a trav\u00e9s del arte y lo l\u00fadico.<\/span><\/li>\n<li style=\"font-weight: 400; text-align: left;\" aria-level=\"1\"><b>Reconocer y aceptar la diversidad<\/b><span style=\"font-weight: 400;\"> como riqueza colectiva.<\/span><\/li>\n<li style=\"font-weight: 400; text-align: left;\" aria-level=\"1\"><span style=\"font-weight: 400;\">Poner en el centro la <\/span><b>importancia de los cuidados<\/b><span style=\"font-weight: 400;\"> en cada etapa de la infancia.<\/span><\/li>\n<\/ul>\n<\/li>\n<\/ul>\n<p style=\"text-align: left; padding-left: 40px;\">\u00a0 <img decoding=\"async\" class=\"alignnone wp-image-1992\" style=\"font-size: 14.4px;\" src=\"https:\/\/pocholepratti.org\/nueva\/wp-content\/uploads\/2025\/08\/WhatsApp-Image-2025-08-30-at-3.53.20-PM-2.jpeg\" alt=\"\" width=\"306\" height=\"230\" srcset=\"https:\/\/pocholepratti.org\/nueva\/wp-content\/uploads\/2025\/08\/WhatsApp-Image-2025-08-30-at-3.53.20-PM-2.jpeg 1600w, https:\/\/pocholepratti.org\/nueva\/wp-content\/uploads\/2025\/08\/WhatsApp-Image-2025-08-30-at-3.53.20-PM-2-533x400.jpeg 533w, https:\/\/pocholepratti.org\/nueva\/wp-content\/uploads\/2025\/08\/WhatsApp-Image-2025-08-30-at-3.53.20-PM-2-1067x800.jpeg 1067w, https:\/\/pocholepratti.org\/nueva\/wp-content\/uploads\/2025\/08\/WhatsApp-Image-2025-08-30-at-3.53.20-PM-2-768x576.jpeg 768w, https:\/\/pocholepratti.org\/nueva\/wp-content\/uploads\/2025\/08\/WhatsApp-Image-2025-08-30-at-3.53.20-PM-2-1536x1152.jpeg 1536w\" sizes=\"(max-width: 306px) 100vw, 306px\" \/><img decoding=\"async\" class=\"alignnone wp-image-2005\" src=\"https:\/\/pocholepratti.org\/nueva\/wp-content\/uploads\/2025\/08\/WhatsApp-Image-2025-08-30-at-4.16.12-PM.jpeg\" alt=\"\" width=\"306\" height=\"229\" srcset=\"https:\/\/pocholepratti.org\/nueva\/wp-content\/uploads\/2025\/08\/WhatsApp-Image-2025-08-30-at-4.16.12-PM.jpeg 1600w, https:\/\/pocholepratti.org\/nueva\/wp-content\/uploads\/2025\/08\/WhatsApp-Image-2025-08-30-at-4.16.12-PM-535x400.jpeg 535w, https:\/\/pocholepratti.org\/nueva\/wp-content\/uploads\/2025\/08\/WhatsApp-Image-2025-08-30-at-4.16.12-PM-1069x800.jpeg 1069w, https:\/\/pocholepratti.org\/nueva\/wp-content\/uploads\/2025\/08\/WhatsApp-Image-2025-08-30-at-4.16.12-PM-768x575.jpeg 768w, https:\/\/pocholepratti.org\/nueva\/wp-content\/uploads\/2025\/08\/WhatsApp-Image-2025-08-30-at-4.16.12-PM-1536x1149.jpeg 1536w\" sizes=\"(max-width: 306px) 100vw, 306px\" \/><img loading=\"lazy\" decoding=\"async\" class=\"alignnone wp-image-1993\" src=\"https:\/\/pocholepratti.org\/nueva\/wp-content\/uploads\/2025\/08\/WhatsApp-Image-2025-08-30-at-3.53.21-PM-2.jpeg\" alt=\"\" width=\"306\" height=\"229\" srcset=\"https:\/\/pocholepratti.org\/nueva\/wp-content\/uploads\/2025\/08\/WhatsApp-Image-2025-08-30-at-3.53.21-PM-2.jpeg 1600w, https:\/\/pocholepratti.org\/nueva\/wp-content\/uploads\/2025\/08\/WhatsApp-Image-2025-08-30-at-3.53.21-PM-2-535x400.jpeg 535w, https:\/\/pocholepratti.org\/nueva\/wp-content\/uploads\/2025\/08\/WhatsApp-Image-2025-08-30-at-3.53.21-PM-2-1069x800.jpeg 1069w, https:\/\/pocholepratti.org\/nueva\/wp-content\/uploads\/2025\/08\/WhatsApp-Image-2025-08-30-at-3.53.21-PM-2-768x575.jpeg 768w, https:\/\/pocholepratti.org\/nueva\/wp-content\/uploads\/2025\/08\/WhatsApp-Image-2025-08-30-at-3.53.21-PM-2-1536x1149.jpeg 1536w\" sizes=\"(max-width: 306px) 100vw, 306px\" \/><\/p>\n","protected":false},"excerpt":{"rendered":"<p>&nbsp; Un espacio de educaci\u00f3n inicial de la Biblioteca Popular Pocho Lepratti, que desde el 2009 abre sus puertas en el barrio Tablada de Rosario para acompa\u00f1ar a ni\u00f1os y ni\u00f1as de 2, 3 y 4 a\u00f1os. \u2728 Nuestra identidad El Jard\u00edn \u201cLas Hormiguitas\u201d nace como una necesidad comunitaria, creando un lugar donde la infancia [&hellip;]\n","protected":false},"author":1,"featured_media":0,"parent":0,"menu_order":0,"comment_status":"closed","ping_status":"closed","template":"","meta":{"footnotes":""},"class_list":["post-281","page","type-page","status-publish","hentry"],"yoast_head":"<!-- This site is optimized with the Yoast SEO plugin v27.1.1 - https:\/\/yoast.com\/product\/yoast-seo-wordpress\/ -->\n<title>Jardin de infantes &quot;Las Hormiguitas&quot; - Radio la Hormiga 104.3<\/title>\n<meta name=\"robots\" content=\"index, follow, max-snippet:-1, max-image-preview:large, max-video-preview:-1\" \/>\n<link rel=\"canonical\" href=\"https:\/\/pocholepratti.org\/nueva\/jardin-de-infantes-las-hormiguitas\/\" \/>\n<meta property=\"og:locale\" content=\"es_ES\" \/>\n<meta property=\"og:type\" content=\"article\" \/>\n<meta property=\"og:title\" content=\"Jardin de infantes &quot;Las Hormiguitas&quot; - Radio la Hormiga 104.3\" \/>\n<meta property=\"og:description\" content=\"&nbsp; Un espacio de educaci\u00f3n inicial de la Biblioteca Popular Pocho Lepratti, que desde el 2009 abre sus puertas en el barrio Tablada de Rosario para acompa\u00f1ar a ni\u00f1os y ni\u00f1as de 2, 3 y 4 a\u00f1os. \u2728 Nuestra identidad El Jard\u00edn \u201cLas Hormiguitas\u201d nace como una necesidad comunitaria, creando un lugar donde la infancia [&hellip;]\" \/>\n<meta property=\"og:url\" content=\"https:\/\/pocholepratti.org\/nueva\/jardin-de-infantes-las-hormiguitas\/\" \/>\n<meta property=\"og:site_name\" content=\"Radio la Hormiga 104.3\" \/>\n<meta property=\"article:publisher\" content=\"https:\/\/web.facebook.com\/biblioteca.pocholepratti\" \/>\n<meta property=\"article:modified_time\" content=\"2025-09-01T00:50:07+00:00\" \/>\n<meta property=\"og:image\" content=\"https:\/\/pocholepratti.org\/nueva\/wp-content\/uploads\/2025\/08\/Portada-de-Facebook-Jardin-de-Infantes-Lindo-Rosa-Pastel-1.png\" \/>\n\t<meta property=\"og:image:width\" content=\"851\" \/>\n\t<meta property=\"og:image:height\" content=\"315\" \/>\n\t<meta property=\"og:image:type\" content=\"image\/png\" \/>\n<meta name=\"twitter:card\" content=\"summary_large_image\" \/>\n<meta name=\"twitter:label1\" content=\"Tiempo de lectura\" \/>\n\t<meta name=\"twitter:data1\" content=\"2 minutos\" \/>\n<script type=\"application\/ld+json\" class=\"yoast-schema-graph\">{\"@context\":\"https:\/\/schema.org\",\"@graph\":[{\"@type\":\"WebPage\",\"@id\":\"https:\/\/pocholepratti.org\/nueva\/jardin-de-infantes-las-hormiguitas\/\",\"url\":\"https:\/\/pocholepratti.org\/nueva\/jardin-de-infantes-las-hormiguitas\/\",\"name\":\"Jardin de infantes \\\"Las Hormiguitas\\\" - Radio la Hormiga 104.3\",\"isPartOf\":{\"@id\":\"https:\/\/pocholepratti.org\/nueva\/#website\"},\"primaryImageOfPage\":{\"@id\":\"https:\/\/pocholepratti.org\/nueva\/jardin-de-infantes-las-hormiguitas\/#primaryimage\"},\"image\":{\"@id\":\"https:\/\/pocholepratti.org\/nueva\/jardin-de-infantes-las-hormiguitas\/#primaryimage\"},\"thumbnailUrl\":\"https:\/\/pocholepratti.org\/nueva\/wp-content\/uploads\/2025\/08\/Portada-de-Facebook-Jardin-de-Infantes-Lindo-Rosa-Pastel-1.png\",\"datePublished\":\"2019-05-30T20:03:31+00:00\",\"dateModified\":\"2025-09-01T00:50:07+00:00\",\"breadcrumb\":{\"@id\":\"https:\/\/pocholepratti.org\/nueva\/jardin-de-infantes-las-hormiguitas\/#breadcrumb\"},\"inLanguage\":\"es\",\"potentialAction\":[{\"@type\":\"ReadAction\",\"target\":[\"https:\/\/pocholepratti.org\/nueva\/jardin-de-infantes-las-hormiguitas\/\"]}]},{\"@type\":\"ImageObject\",\"inLanguage\":\"es\",\"@id\":\"https:\/\/pocholepratti.org\/nueva\/jardin-de-infantes-las-hormiguitas\/#primaryimage\",\"url\":\"https:\/\/pocholepratti.org\/nueva\/wp-content\/uploads\/2025\/08\/Portada-de-Facebook-Jardin-de-Infantes-Lindo-Rosa-Pastel-1.png\",\"contentUrl\":\"https:\/\/pocholepratti.org\/nueva\/wp-content\/uploads\/2025\/08\/Portada-de-Facebook-Jardin-de-Infantes-Lindo-Rosa-Pastel-1.png\",\"width\":851,\"height\":315},{\"@type\":\"BreadcrumbList\",\"@id\":\"https:\/\/pocholepratti.org\/nueva\/jardin-de-infantes-las-hormiguitas\/#breadcrumb\",\"itemListElement\":[{\"@type\":\"ListItem\",\"position\":1,\"name\":\"Portada\",\"item\":\"https:\/\/pocholepratti.org\/nueva\/\"},{\"@type\":\"ListItem\",\"position\":2,\"name\":\"Jardin de infantes \u00abLas Hormiguitas\u00bb\"}]},{\"@type\":\"WebSite\",\"@id\":\"https:\/\/pocholepratti.org\/nueva\/#website\",\"url\":\"https:\/\/pocholepratti.org\/nueva\/\",\"name\":\"Radio la Hormiga 104.3\",\"description\":\"Biblioteca popular Pocho Lepratti\",\"publisher\":{\"@id\":\"https:\/\/pocholepratti.org\/nueva\/#organization\"},\"potentialAction\":[{\"@type\":\"SearchAction\",\"target\":{\"@type\":\"EntryPoint\",\"urlTemplate\":\"https:\/\/pocholepratti.org\/nueva\/?s={search_term_string}\"},\"query-input\":{\"@type\":\"PropertyValueSpecification\",\"valueRequired\":true,\"valueName\":\"search_term_string\"}}],\"inLanguage\":\"es\"},{\"@type\":\"Organization\",\"@id\":\"https:\/\/pocholepratti.org\/nueva\/#organization\",\"name\":\"Radio la Hormiga 104.3\",\"url\":\"https:\/\/pocholepratti.org\/nueva\/\",\"logo\":{\"@type\":\"ImageObject\",\"inLanguage\":\"es\",\"@id\":\"https:\/\/pocholepratti.org\/nueva\/#\/schema\/logo\/image\/\",\"url\":\"https:\/\/pocholepratti.org\/nueva\/wp-content\/uploads\/2024\/09\/cropped-cropped-cropped-LOGO-BIBLIO.jpg\",\"contentUrl\":\"https:\/\/pocholepratti.org\/nueva\/wp-content\/uploads\/2024\/09\/cropped-cropped-cropped-LOGO-BIBLIO.jpg\",\"width\":982,\"height\":982,\"caption\":\"Radio la Hormiga 104.3\"},\"image\":{\"@id\":\"https:\/\/pocholepratti.org\/nueva\/#\/schema\/logo\/image\/\"},\"sameAs\":[\"https:\/\/web.facebook.com\/biblioteca.pocholepratti\"]}]}<\/script>\n<!-- \/ Yoast SEO plugin. -->","yoast_head_json":{"title":"Jardin de infantes \"Las Hormiguitas\" - Radio la Hormiga 104.3","robots":{"index":"index","follow":"follow","max-snippet":"max-snippet:-1","max-image-preview":"max-image-preview:large","max-video-preview":"max-video-preview:-1"},"canonical":"https:\/\/pocholepratti.org\/nueva\/jardin-de-infantes-las-hormiguitas\/","og_locale":"es_ES","og_type":"article","og_title":"Jardin de infantes \"Las Hormiguitas\" - Radio la Hormiga 104.3","og_description":"&nbsp; Un espacio de educaci\u00f3n inicial de la Biblioteca Popular Pocho Lepratti, que desde el 2009 abre sus puertas en el barrio Tablada de Rosario para acompa\u00f1ar a ni\u00f1os y ni\u00f1as de 2, 3 y 4 a\u00f1os. \u2728 Nuestra identidad El Jard\u00edn \u201cLas Hormiguitas\u201d nace como una necesidad comunitaria, creando un lugar donde la infancia [&hellip;]","og_url":"https:\/\/pocholepratti.org\/nueva\/jardin-de-infantes-las-hormiguitas\/","og_site_name":"Radio la Hormiga 104.3","article_publisher":"https:\/\/web.facebook.com\/biblioteca.pocholepratti","article_modified_time":"2025-09-01T00:50:07+00:00","og_image":[{"width":851,"height":315,"url":"https:\/\/pocholepratti.org\/nueva\/wp-content\/uploads\/2025\/08\/Portada-de-Facebook-Jardin-de-Infantes-Lindo-Rosa-Pastel-1.png","type":"image\/png"}],"twitter_card":"summary_large_image","twitter_misc":{"Tiempo de lectura":"2 minutos"},"schema":{"@context":"https:\/\/schema.org","@graph":[{"@type":"WebPage","@id":"https:\/\/pocholepratti.org\/nueva\/jardin-de-infantes-las-hormiguitas\/","url":"https:\/\/pocholepratti.org\/nueva\/jardin-de-infantes-las-hormiguitas\/","name":"Jardin de infantes \"Las Hormiguitas\" - Radio la Hormiga 104.3","isPartOf":{"@id":"https:\/\/pocholepratti.org\/nueva\/#website"},"primaryImageOfPage":{"@id":"https:\/\/pocholepratti.org\/nueva\/jardin-de-infantes-las-hormiguitas\/#primaryimage"},"image":{"@id":"https:\/\/pocholepratti.org\/nueva\/jardin-de-infantes-las-hormiguitas\/#primaryimage"},"thumbnailUrl":"https:\/\/pocholepratti.org\/nueva\/wp-content\/uploads\/2025\/08\/Portada-de-Facebook-Jardin-de-Infantes-Lindo-Rosa-Pastel-1.png","datePublished":"2019-05-30T20:03:31+00:00","dateModified":"2025-09-01T00:50:07+00:00","breadcrumb":{"@id":"https:\/\/pocholepratti.org\/nueva\/jardin-de-infantes-las-hormiguitas\/#breadcrumb"},"inLanguage":"es","potentialAction":[{"@type":"ReadAction","target":["https:\/\/pocholepratti.org\/nueva\/jardin-de-infantes-las-hormiguitas\/"]}]},{"@type":"ImageObject","inLanguage":"es","@id":"https:\/\/pocholepratti.org\/nueva\/jardin-de-infantes-las-hormiguitas\/#primaryimage","url":"https:\/\/pocholepratti.org\/nueva\/wp-content\/uploads\/2025\/08\/Portada-de-Facebook-Jardin-de-Infantes-Lindo-Rosa-Pastel-1.png","contentUrl":"https:\/\/pocholepratti.org\/nueva\/wp-content\/uploads\/2025\/08\/Portada-de-Facebook-Jardin-de-Infantes-Lindo-Rosa-Pastel-1.png","width":851,"height":315},{"@type":"BreadcrumbList","@id":"https:\/\/pocholepratti.org\/nueva\/jardin-de-infantes-las-hormiguitas\/#breadcrumb","itemListElement":[{"@type":"ListItem","position":1,"name":"Portada","item":"https:\/\/pocholepratti.org\/nueva\/"},{"@type":"ListItem","position":2,"name":"Jardin de infantes \u00abLas Hormiguitas\u00bb"}]},{"@type":"WebSite","@id":"https:\/\/pocholepratti.org\/nueva\/#website","url":"https:\/\/pocholepratti.org\/nueva\/","name":"Radio la Hormiga 104.3","description":"Biblioteca popular Pocho Lepratti","publisher":{"@id":"https:\/\/pocholepratti.org\/nueva\/#organization"},"potentialAction":[{"@type":"SearchAction","target":{"@type":"EntryPoint","urlTemplate":"https:\/\/pocholepratti.org\/nueva\/?s={search_term_string}"},"query-input":{"@type":"PropertyValueSpecification","valueRequired":true,"valueName":"search_term_string"}}],"inLanguage":"es"},{"@type":"Organization","@id":"https:\/\/pocholepratti.org\/nueva\/#organization","name":"Radio la Hormiga 104.3","url":"https:\/\/pocholepratti.org\/nueva\/","logo":{"@type":"ImageObject","inLanguage":"es","@id":"https:\/\/pocholepratti.org\/nueva\/#\/schema\/logo\/image\/","url":"https:\/\/pocholepratti.org\/nueva\/wp-content\/uploads\/2024\/09\/cropped-cropped-cropped-LOGO-BIBLIO.jpg","contentUrl":"https:\/\/pocholepratti.org\/nueva\/wp-content\/uploads\/2024\/09\/cropped-cropped-cropped-LOGO-BIBLIO.jpg","width":982,"height":982,"caption":"Radio la Hormiga 104.3"},"image":{"@id":"https:\/\/pocholepratti.org\/nueva\/#\/schema\/logo\/image\/"},"sameAs":["https:\/\/web.facebook.com\/biblioteca.pocholepratti"]}]}},"_links":{"self":[{"href":"https:\/\/pocholepratti.org\/nueva\/wp-json\/wp\/v2\/pages\/281","targetHints":{"allow":["GET"]}}],"collection":[{"href":"https:\/\/pocholepratti.org\/nueva\/wp-json\/wp\/v2\/pages"}],"about":[{"href":"https:\/\/pocholepratti.org\/nueva\/wp-json\/wp\/v2\/types\/page"}],"author":[{"embeddable":true,"href":"https:\/\/pocholepratti.org\/nueva\/wp-json\/wp\/v2\/users\/1"}],"replies":[{"embeddable":true,"href":"https:\/\/pocholepratti.org\/nueva\/wp-json\/wp\/v2\/comments?post=281"}],"version-history":[{"count":35,"href":"https:\/\/pocholepratti.org\/nueva\/wp-json\/wp\/v2\/pages\/281\/revisions"}],"predecessor-version":[{"id":2021,"href":"https:\/\/pocholepratti.org\/nueva\/wp-json\/wp\/v2\/pages\/281\/revisions\/2021"}],"wp:attachment":[{"href":"https:\/\/pocholepratti.org\/nueva\/wp-json\/wp\/v2\/media?parent=281"}],"curies":[{"name":"wp","href":"https:\/\/api.w.org\/{rel}","templated":true}]}}