{"id":253,"date":"2018-12-13T13:37:54","date_gmt":"2018-12-13T13:37:54","guid":{"rendered":"https:\/\/pocholepratti.org\/nueva\/?page_id=253"},"modified":"2024-11-24T06:26:10","modified_gmt":"2024-11-24T06:26:10","slug":"capacitacion-en-oficios","status":"publish","type":"page","link":"https:\/\/pocholepratti.org\/nueva\/capacitacion-en-oficios\/","title":{"rendered":"Capacitaci\u00f3n en oficios"},"content":{"rendered":"\n  <div class=\"banner has-hover has-parallax\" id=\"banner-1550379878\">\n          <div class=\"banner-inner fill\">\n        <div class=\"banner-bg fill\" data-parallax=\"-3\" data-parallax-container=\".banner\" data-parallax-background>\n            <div class=\"bg fill bg-fill \"><\/div>\n                        <div class=\"overlay\"><\/div>            \n                    <\/div><!-- bg-layers -->\n        <div class=\"banner-layers container\">\n            <div class=\"fill banner-link\"><\/div>            \n   <div id=\"text-box-804563170\" class=\"text-box banner-layer x50 md-x50 lg-x50 y80 md-y80 lg-y80 res-text\">\n                                <div class=\"text dark\">\n              \n              <div class=\"text-inner text-center\">\n                  \n<h1>Capacitaci\u00f3n en oficios<\/h1>\n              <\/div>\n           <\/div><!-- text-box-inner -->\n                            \n<style scope=\"scope\">\n\n#text-box-804563170 {\n  width: 60%;\n}\n#text-box-804563170 .text {\n  font-size: 100%;\n}\n<\/style>\n    <\/div><!-- text-box -->\n \n        <\/div><!-- .banner-layers -->\n      <\/div><!-- .banner-inner -->\n\n            \n<style scope=\"scope\">\n\n#banner-1550379878 {\n  padding-top: 507px;\n}\n#banner-1550379878 .bg.bg-loaded {\n  background-image: url(https:\/\/pocholepratti.org\/nueva\/wp-content\/uploads\/2018\/12\/slider_544309001.jpg);\n}\n#banner-1550379878 .overlay {\n  background-color: rgba(0, 0, 0, 0.49);\n}\n#banner-1550379878 .bg {\n  background-position: 10% 30%;\n}\n<\/style>\n  <\/div><!-- .banner -->\n\n\n<div class=\"row\"  id=\"row-178415243\">\n<div class=\"col small-12 large-12\"  ><div class=\"col-inner\"  >\n<p><strong>Desde la Biblioteca construimos la certeza de que \u201clo que genera y orienta las ideas, lo que justifica el comportamiento individual y social de los hombres es el trabajo\u201d. A trav\u00e9s del trabajo sentimos el valor, el sentido, la necesidad y la significaci\u00f3n individual y social de lo que se hace.<\/strong><\/p>\n<p>Por eso, decidimos inaugurar en Barrio Tablada un\u00a0<strong>Taller de Serigraf\u00eda<\/strong>\u00a0luego de constituirnos como un nuevo espacio de capacitaci\u00f3n en el distrito sur de Rosario, dando una respuesta a la gran demanda de trabajo de nuestra poblaci\u00f3n. All\u00ed, funciona actualmente una\u00a0<strong>escuela Taller de Serigraf\u00eda Textil y Sublimaci\u00f3n<\/strong>\u00a0para j\u00f3venes y mujeres en situaci\u00f3n de vulnerabilidad social, as\u00ed como tambi\u00e9n a usuarios de los servicios de salud mental, donde se procura brindar herramientas de formaci\u00f3n laboral para que puedan mejorar sus posibilidades de inserci\u00f3n social.<\/p>\n<p>En dicho espacio, adem\u00e1s se realizan actividades de\u00a0<strong>capacitaci\u00f3n y formaci\u00f3n sobre la<\/strong>\u00a0<strong>construcci\u00f3n de ciudadan\u00eda social destinado a j\u00f3venes<\/strong>, no s\u00f3lo de aquellxs que concurren a la Biblioteca \u00a0sino tambi\u00e9n a quienes asisten a otras organizaciones a los fines de interaccionar para promover y sustentar los diferentes derechos y deberes que hacen al ejercicio de una ciudadan\u00eda plena, articulando esta tem\u00e1tica a la importancia de la empresa social en el actual contexto y \u00a0promoviendo emprendimientos productivos para este sector etario.<\/p>\n<p>Este proyecto se sustenta en la naturaleza social y formativa del trabajo, tomando el mismo como un derecho inherente a la persona humana. Trabajar significa para nosotrxs no s\u00f3lo un proceso de producci\u00f3n material, sino significa adem\u00e1s abrir a dimensiones como educaci\u00f3n, desarrollo cultural, alegr\u00eda de vivir, autoestima como trabajadorx y protagonistas en la construcci\u00f3n de ciudadan\u00eda. Desde esta idea apostamos a la recuperaci\u00f3n del valor humano, personal y social que tiene el trabajo como componente en los procesos de humanizaci\u00f3n.<\/p>\n<p>Ante la problem\u00e1tica de la ausencia de trabajo o precarizaci\u00f3n de los mismos que impide pensar el acceso a vivir dignamente y las posibilidades de pensarnos junto a otrxs m\u00e1s all\u00e1 de la sobrevivencia, contraponemos un accionar como ciudadanxs activos y no solamente como asistidxs a lxs que hay que socorrer, apostando a un proyecto colectivo de creaci\u00f3n.<\/p>\n<p>El espacio f\u00edsico con el que contamos es un local ubicado en la calle\u00a0<strong>Esmeralda 2950<\/strong>, de la ciudad de Rosario, que cuenta con: un espacio de atenci\u00f3n al p\u00fablico y otra de producci\u00f3n y un aula taller, adem\u00e1s de cocina y ba\u00f1o. A su vez, parte de la antigua sede de la Biblioteca, ubicada en <strong>Virasoro 39 bis<\/strong>, funciona como espacio para otras capacitaciones en oficios.<\/p>\n<p><strong>Articulaciones<\/strong><\/p>\n<p>En \u00faltimos a\u00f1os, hemos firmado convenios con organismos para prestar los servicios del taller como instituci\u00f3n capacitadora: con el Ministerio de Trabajo y Seguridad Social; con la Municipalidad de Rosario; con el Ministerio de Desarrollo Social de la Provincia de Santa Fe; y con la Universidad Nacional de Rosario. Adem\u00e1s, hemos realizado diversas articulaciones con centros comunitarios y organizaciones barriales del Distrito Sur de Rosario, con agrupaciones juveniles que asisten al Centro de la Juventud Municipal, y otros espacios sociales significativos, como el Centro Universitario conocido como \u201cLa Siberia\u201d, las secretarias de la Producci\u00f3n y de Empleo, la Agencia de Desarrollo Regi\u00f3n Rosario, la Red de Agencias de Desarrollo Productivo, y el Foro Econ\u00f3mico y Social de Rosario, entre otros.<\/p>\n<p><strong>NUEVA OPORTUNIDAD, \u00a0\u00abconstruyendo comunidad\u00bb<\/strong><\/p>\n<p>Por otra parte, en el marco de las propuestas de capacitaci\u00f3n en oficios y revalorizaci\u00f3n de la cultura del trabajo, en la Biblioteca funcionan actualmente tres espacios de formaci\u00f3n en el marco del Programa Nueva Oportunidad, de la Provincia de Santa Fe destinados a j\u00f3venes de nuestro barrio en situaci\u00f3n de riesgo. Se trata de un espacio de capacitaci\u00f3n en <strong>serigraf\u00eda y sublimaci\u00f3n \u00abPOCHO ESTAMPA\u00bb<\/strong>, un espacio de producci\u00f3n musical <strong>\u00abLA M\u00daSICA DE MI BARRIO\u00bb<\/strong> y otro espacio de producci\u00f3n de radio, podcast y canal de Youtube <strong>\u00abCONTATE ALGUNA\u00bb<\/strong>.<\/p>\n<div class=\"text-center\"><div class=\"is-divider divider clearfix\" ><\/div><\/div><!-- .divider -->\n<\/div><\/div>\n<\/div>\n","protected":false},"excerpt":{"rendered":"","protected":false},"author":1,"featured_media":0,"parent":0,"menu_order":0,"comment_status":"closed","ping_status":"closed","template":"page-blank.php","meta":{"footnotes":""},"class_list":["post-253","page","type-page","status-publish","hentry"],"yoast_head":"<!-- This site is optimized with the Yoast SEO plugin v27.1.1 - https:\/\/yoast.com\/product\/yoast-seo-wordpress\/ -->\n<title>Capacitaci\u00f3n en oficios - Radio la Hormiga 104.3<\/title>\n<meta name=\"robots\" content=\"index, follow, max-snippet:-1, max-image-preview:large, max-video-preview:-1\" \/>\n<link rel=\"canonical\" href=\"https:\/\/pocholepratti.org\/nueva\/capacitacion-en-oficios\/\" \/>\n<meta property=\"og:locale\" content=\"es_ES\" \/>\n<meta property=\"og:type\" content=\"article\" \/>\n<meta property=\"og:title\" content=\"Capacitaci\u00f3n en oficios - Radio la Hormiga 104.3\" \/>\n<meta property=\"og:url\" content=\"https:\/\/pocholepratti.org\/nueva\/capacitacion-en-oficios\/\" \/>\n<meta property=\"og:site_name\" content=\"Radio la Hormiga 104.3\" \/>\n<meta property=\"article:publisher\" content=\"https:\/\/web.facebook.com\/biblioteca.pocholepratti\" \/>\n<meta property=\"article:modified_time\" content=\"2024-11-24T06:26:10+00:00\" \/>\n<meta name=\"twitter:card\" content=\"summary_large_image\" \/>\n<meta name=\"twitter:label1\" content=\"Tiempo de lectura\" \/>\n\t<meta name=\"twitter:data1\" content=\"4 minutos\" \/>\n<script type=\"application\/ld+json\" class=\"yoast-schema-graph\">{\"@context\":\"https:\/\/schema.org\",\"@graph\":[{\"@type\":\"WebPage\",\"@id\":\"https:\/\/pocholepratti.org\/nueva\/capacitacion-en-oficios\/\",\"url\":\"https:\/\/pocholepratti.org\/nueva\/capacitacion-en-oficios\/\",\"name\":\"Capacitaci\u00f3n en oficios - Radio la Hormiga 104.3\",\"isPartOf\":{\"@id\":\"https:\/\/pocholepratti.org\/nueva\/#website\"},\"datePublished\":\"2018-12-13T13:37:54+00:00\",\"dateModified\":\"2024-11-24T06:26:10+00:00\",\"breadcrumb\":{\"@id\":\"https:\/\/pocholepratti.org\/nueva\/capacitacion-en-oficios\/#breadcrumb\"},\"inLanguage\":\"es\",\"potentialAction\":[{\"@type\":\"ReadAction\",\"target\":[\"https:\/\/pocholepratti.org\/nueva\/capacitacion-en-oficios\/\"]}]},{\"@type\":\"BreadcrumbList\",\"@id\":\"https:\/\/pocholepratti.org\/nueva\/capacitacion-en-oficios\/#breadcrumb\",\"itemListElement\":[{\"@type\":\"ListItem\",\"position\":1,\"name\":\"Portada\",\"item\":\"https:\/\/pocholepratti.org\/nueva\/\"},{\"@type\":\"ListItem\",\"position\":2,\"name\":\"Capacitaci\u00f3n en oficios\"}]},{\"@type\":\"WebSite\",\"@id\":\"https:\/\/pocholepratti.org\/nueva\/#website\",\"url\":\"https:\/\/pocholepratti.org\/nueva\/\",\"name\":\"Radio la Hormiga 104.3\",\"description\":\"Biblioteca popular Pocho Lepratti\",\"publisher\":{\"@id\":\"https:\/\/pocholepratti.org\/nueva\/#organization\"},\"potentialAction\":[{\"@type\":\"SearchAction\",\"target\":{\"@type\":\"EntryPoint\",\"urlTemplate\":\"https:\/\/pocholepratti.org\/nueva\/?s={search_term_string}\"},\"query-input\":{\"@type\":\"PropertyValueSpecification\",\"valueRequired\":true,\"valueName\":\"search_term_string\"}}],\"inLanguage\":\"es\"},{\"@type\":\"Organization\",\"@id\":\"https:\/\/pocholepratti.org\/nueva\/#organization\",\"name\":\"Radio la Hormiga 104.3\",\"url\":\"https:\/\/pocholepratti.org\/nueva\/\",\"logo\":{\"@type\":\"ImageObject\",\"inLanguage\":\"es\",\"@id\":\"https:\/\/pocholepratti.org\/nueva\/#\/schema\/logo\/image\/\",\"url\":\"https:\/\/pocholepratti.org\/nueva\/wp-content\/uploads\/2024\/09\/cropped-cropped-cropped-LOGO-BIBLIO.jpg\",\"contentUrl\":\"https:\/\/pocholepratti.org\/nueva\/wp-content\/uploads\/2024\/09\/cropped-cropped-cropped-LOGO-BIBLIO.jpg\",\"width\":982,\"height\":982,\"caption\":\"Radio la Hormiga 104.3\"},\"image\":{\"@id\":\"https:\/\/pocholepratti.org\/nueva\/#\/schema\/logo\/image\/\"},\"sameAs\":[\"https:\/\/web.facebook.com\/biblioteca.pocholepratti\"]}]}<\/script>\n<!-- \/ Yoast SEO plugin. -->","yoast_head_json":{"title":"Capacitaci\u00f3n en oficios - Radio la Hormiga 104.3","robots":{"index":"index","follow":"follow","max-snippet":"max-snippet:-1","max-image-preview":"max-image-preview:large","max-video-preview":"max-video-preview:-1"},"canonical":"https:\/\/pocholepratti.org\/nueva\/capacitacion-en-oficios\/","og_locale":"es_ES","og_type":"article","og_title":"Capacitaci\u00f3n en oficios - Radio la Hormiga 104.3","og_url":"https:\/\/pocholepratti.org\/nueva\/capacitacion-en-oficios\/","og_site_name":"Radio la Hormiga 104.3","article_publisher":"https:\/\/web.facebook.com\/biblioteca.pocholepratti","article_modified_time":"2024-11-24T06:26:10+00:00","twitter_card":"summary_large_image","twitter_misc":{"Tiempo de lectura":"4 minutos"},"schema":{"@context":"https:\/\/schema.org","@graph":[{"@type":"WebPage","@id":"https:\/\/pocholepratti.org\/nueva\/capacitacion-en-oficios\/","url":"https:\/\/pocholepratti.org\/nueva\/capacitacion-en-oficios\/","name":"Capacitaci\u00f3n en oficios - Radio la Hormiga 104.3","isPartOf":{"@id":"https:\/\/pocholepratti.org\/nueva\/#website"},"datePublished":"2018-12-13T13:37:54+00:00","dateModified":"2024-11-24T06:26:10+00:00","breadcrumb":{"@id":"https:\/\/pocholepratti.org\/nueva\/capacitacion-en-oficios\/#breadcrumb"},"inLanguage":"es","potentialAction":[{"@type":"ReadAction","target":["https:\/\/pocholepratti.org\/nueva\/capacitacion-en-oficios\/"]}]},{"@type":"BreadcrumbList","@id":"https:\/\/pocholepratti.org\/nueva\/capacitacion-en-oficios\/#breadcrumb","itemListElement":[{"@type":"ListItem","position":1,"name":"Portada","item":"https:\/\/pocholepratti.org\/nueva\/"},{"@type":"ListItem","position":2,"name":"Capacitaci\u00f3n en oficios"}]},{"@type":"WebSite","@id":"https:\/\/pocholepratti.org\/nueva\/#website","url":"https:\/\/pocholepratti.org\/nueva\/","name":"Radio la Hormiga 104.3","description":"Biblioteca popular Pocho Lepratti","publisher":{"@id":"https:\/\/pocholepratti.org\/nueva\/#organization"},"potentialAction":[{"@type":"SearchAction","target":{"@type":"EntryPoint","urlTemplate":"https:\/\/pocholepratti.org\/nueva\/?s={search_term_string}"},"query-input":{"@type":"PropertyValueSpecification","valueRequired":true,"valueName":"search_term_string"}}],"inLanguage":"es"},{"@type":"Organization","@id":"https:\/\/pocholepratti.org\/nueva\/#organization","name":"Radio la Hormiga 104.3","url":"https:\/\/pocholepratti.org\/nueva\/","logo":{"@type":"ImageObject","inLanguage":"es","@id":"https:\/\/pocholepratti.org\/nueva\/#\/schema\/logo\/image\/","url":"https:\/\/pocholepratti.org\/nueva\/wp-content\/uploads\/2024\/09\/cropped-cropped-cropped-LOGO-BIBLIO.jpg","contentUrl":"https:\/\/pocholepratti.org\/nueva\/wp-content\/uploads\/2024\/09\/cropped-cropped-cropped-LOGO-BIBLIO.jpg","width":982,"height":982,"caption":"Radio la Hormiga 104.3"},"image":{"@id":"https:\/\/pocholepratti.org\/nueva\/#\/schema\/logo\/image\/"},"sameAs":["https:\/\/web.facebook.com\/biblioteca.pocholepratti"]}]}},"_links":{"self":[{"href":"https:\/\/pocholepratti.org\/nueva\/wp-json\/wp\/v2\/pages\/253","targetHints":{"allow":["GET"]}}],"collection":[{"href":"https:\/\/pocholepratti.org\/nueva\/wp-json\/wp\/v2\/pages"}],"about":[{"href":"https:\/\/pocholepratti.org\/nueva\/wp-json\/wp\/v2\/types\/page"}],"author":[{"embeddable":true,"href":"https:\/\/pocholepratti.org\/nueva\/wp-json\/wp\/v2\/users\/1"}],"replies":[{"embeddable":true,"href":"https:\/\/pocholepratti.org\/nueva\/wp-json\/wp\/v2\/comments?post=253"}],"version-history":[{"count":8,"href":"https:\/\/pocholepratti.org\/nueva\/wp-json\/wp\/v2\/pages\/253\/revisions"}],"predecessor-version":[{"id":1558,"href":"https:\/\/pocholepratti.org\/nueva\/wp-json\/wp\/v2\/pages\/253\/revisions\/1558"}],"wp:attachment":[{"href":"https:\/\/pocholepratti.org\/nueva\/wp-json\/wp\/v2\/media?parent=253"}],"curies":[{"name":"wp","href":"https:\/\/api.w.org\/{rel}","templated":true}]}}