{"id":1584,"date":"2024-11-24T18:59:43","date_gmt":"2024-11-24T18:59:43","guid":{"rendered":"https:\/\/pocholepratti.org\/nueva\/?page_id=1584"},"modified":"2025-02-27T17:57:17","modified_gmt":"2025-02-27T17:57:17","slug":"trinchera-del-sur","status":"publish","type":"page","link":"https:\/\/pocholepratti.org\/nueva\/trinchera-del-sur\/","title":{"rendered":"TRINCHERA DEL SUR"},"content":{"rendered":"<h3 style=\"text-align: left;\"><span style=\"font-size: 160%;\"><strong>\u00a0\u00a0 \u00a0 \u00a0 \u00a0 \u00a0 \u00a0 \u00a0 \u00a0 \u00a0 \u00a0 \u00a0 \u00a0 \u00a0 \u00a0 \u00a0 \u00a0 \u00a0 \u00a0 \u00a0 \u00a0 \u00a0 \u00bfQ\u1d1c\u1d07\u0301 \u1d07s T\u0280\u026a\u0274\u1d04\u029c\u1d07\u0280\u1d00 \u1d05\u1d07\u029f S\u1d1c\u0280?<\/strong><\/span><br class=\"html-br\" \/><br class=\"html-br\" \/><span style=\"font-size: 95%;\">Es un estudio multimedia gestado en el l\u00edmite de dos barrios sure\u00f1os de la ciudad de Rosario, m\u00e1s precisamente Barrio Tablada y La Sexta. Ubicado en las instalaciones de la Biblioteca Popular Pocho Lepratti y Fm La Hormiga, un espacio cultural, barrial, social, pol\u00edtico y educativo con m\u00e1s de 20 a\u00f1os de historia.<\/span><br class=\"html-br\" \/><br class=\"html-br\" \/><span style=\"font-size: 95%;\">Como base fundamental, nuestro objetivo es promover la creaci\u00f3n y difusi\u00f3n de artes audiovisuales; englobando as\u00ed diferentes propuestas como producciones musicales, documentos sonoros y materiales de difusi\u00f3n. La filosof\u00eda de nuestro espacio se compromete en cooperar con el tejido cultural de la ciudad de Rosario desde una perspectiva popular y accesible para lxs artistas. Se fomentar\u00e1n, sobre todo, circuitos art\u00edsticos no convencionales en busca de exponer su contenido, logrando as\u00ed una apertura a nuevas experiencias en las etapas de los procesos creativos.<\/span><br class=\"html-br\" \/><br class=\"html-br\" \/><span style=\"font-size: 95%;\"><strong>\u00a0 \u00a0 \u00a0 \u00a0 \u00a0 \u00a0 \u00a0 \u00a0 \u00a0 \u00a0 \u00a0 \u00a0 \u00a0 \u00a0 \u00a0 \u00a0 \u00a0 \u00a0 \u00a0 \u00a0 \u00a0 \u00a0 \u00a0 E\u0274 \u1d1b\u0280\u026a\u0274\u1d04\u029c\u1d07\u0280\u1d00 \u1d05\u1d07\u029f s\u1d1c\u0280 \u1d04\u0280\u1d07\u1d07\u1d0d\u1d0fs \u1d0f\u0328\u1d1c\u1d07 \u1d1b\u1d0f\u1d05\u1d00s \u029f\u1d00s \u1d20\u1d0f\u1d04\u1d07s \u1d05\u1d07\u0299\u1d07\u0274 s\u1d07\u0280 \u1d07s\u1d04\u1d1c\u1d04\u029c\u1d00\u1d05\u1d00s.<\/strong><\/span><\/h3>\n<p><img fetchpriority=\"high\" decoding=\"async\" class=\"size-full wp-image-1736 aligncenter\" src=\"https:\/\/pocholepratti.org\/nueva\/wp-content\/uploads\/2025\/02\/Diseno-sin-titulo-3.jpg\" alt=\"\" width=\"851\" height=\"315\" srcset=\"https:\/\/pocholepratti.org\/nueva\/wp-content\/uploads\/2025\/02\/Diseno-sin-titulo-3.jpg 851w, https:\/\/pocholepratti.org\/nueva\/wp-content\/uploads\/2025\/02\/Diseno-sin-titulo-3-800x296.jpg 800w, https:\/\/pocholepratti.org\/nueva\/wp-content\/uploads\/2025\/02\/Diseno-sin-titulo-3-768x284.jpg 768w\" sizes=\"(max-width: 851px) 100vw, 851px\" \/><\/p>\n","protected":false},"excerpt":{"rendered":"<p>\u00a0\u00a0 \u00a0 \u00a0 \u00a0 \u00a0 \u00a0 \u00a0 \u00a0 \u00a0 \u00a0 \u00a0 \u00a0 \u00a0 \u00a0 \u00a0 \u00a0 \u00a0 \u00a0 \u00a0 \u00a0 \u00a0 \u00bfQ\u1d1c\u1d07\u0301 \u1d07s T\u0280\u026a\u0274\u1d04\u029c\u1d07\u0280\u1d00 \u1d05\u1d07\u029f S\u1d1c\u0280?Es un estudio multimedia gestado en el l\u00edmite de dos barrios sure\u00f1os de la ciudad de Rosario, m\u00e1s precisamente Barrio Tablada y La Sexta. Ubicado en las instalaciones de la [&hellip;]\n","protected":false},"author":5,"featured_media":0,"parent":0,"menu_order":0,"comment_status":"closed","ping_status":"closed","template":"","meta":{"footnotes":""},"class_list":["post-1584","page","type-page","status-publish","hentry"],"yoast_head":"<!-- This site is optimized with the Yoast SEO plugin v27.1.1 - https:\/\/yoast.com\/product\/yoast-seo-wordpress\/ -->\n<title>TRINCHERA DEL SUR - Radio la Hormiga 104.3<\/title>\n<meta name=\"robots\" content=\"index, follow, max-snippet:-1, max-image-preview:large, max-video-preview:-1\" \/>\n<link rel=\"canonical\" href=\"https:\/\/pocholepratti.org\/nueva\/trinchera-del-sur\/\" \/>\n<meta property=\"og:locale\" content=\"es_ES\" \/>\n<meta property=\"og:type\" content=\"article\" \/>\n<meta property=\"og:title\" content=\"TRINCHERA DEL SUR - Radio la Hormiga 104.3\" \/>\n<meta property=\"og:description\" content=\"\u00a0\u00a0 \u00a0 \u00a0 \u00a0 \u00a0 \u00a0 \u00a0 \u00a0 \u00a0 \u00a0 \u00a0 \u00a0 \u00a0 \u00a0 \u00a0 \u00a0 \u00a0 \u00a0 \u00a0 \u00a0 \u00a0 \u00bfQ\u1d1c\u1d07\u0301 \u1d07s T\u0280\u026a\u0274\u1d04\u029c\u1d07\u0280\u1d00 \u1d05\u1d07\u029f S\u1d1c\u0280?Es un estudio multimedia gestado en el l\u00edmite de dos barrios sure\u00f1os de la ciudad de Rosario, m\u00e1s precisamente Barrio Tablada y La Sexta. Ubicado en las instalaciones de la [&hellip;]\" \/>\n<meta property=\"og:url\" content=\"https:\/\/pocholepratti.org\/nueva\/trinchera-del-sur\/\" \/>\n<meta property=\"og:site_name\" content=\"Radio la Hormiga 104.3\" \/>\n<meta property=\"article:publisher\" content=\"https:\/\/web.facebook.com\/biblioteca.pocholepratti\" \/>\n<meta property=\"article:modified_time\" content=\"2025-02-27T17:57:17+00:00\" \/>\n<meta property=\"og:image\" content=\"https:\/\/pocholepratti.org\/nueva\/wp-content\/uploads\/2025\/02\/Diseno-sin-titulo-3.jpg\" \/>\n\t<meta property=\"og:image:width\" content=\"851\" \/>\n\t<meta property=\"og:image:height\" content=\"315\" \/>\n\t<meta property=\"og:image:type\" content=\"image\/jpeg\" \/>\n<meta name=\"twitter:card\" content=\"summary_large_image\" \/>\n<meta name=\"twitter:label1\" content=\"Tiempo de lectura\" \/>\n\t<meta name=\"twitter:data1\" content=\"1 minuto\" \/>\n<script type=\"application\/ld+json\" class=\"yoast-schema-graph\">{\"@context\":\"https:\/\/schema.org\",\"@graph\":[{\"@type\":\"WebPage\",\"@id\":\"https:\/\/pocholepratti.org\/nueva\/trinchera-del-sur\/\",\"url\":\"https:\/\/pocholepratti.org\/nueva\/trinchera-del-sur\/\",\"name\":\"TRINCHERA DEL SUR - Radio la Hormiga 104.3\",\"isPartOf\":{\"@id\":\"https:\/\/pocholepratti.org\/nueva\/#website\"},\"primaryImageOfPage\":{\"@id\":\"https:\/\/pocholepratti.org\/nueva\/trinchera-del-sur\/#primaryimage\"},\"image\":{\"@id\":\"https:\/\/pocholepratti.org\/nueva\/trinchera-del-sur\/#primaryimage\"},\"thumbnailUrl\":\"https:\/\/pocholepratti.org\/nueva\/wp-content\/uploads\/2025\/02\/Diseno-sin-titulo-3.jpg\",\"datePublished\":\"2024-11-24T18:59:43+00:00\",\"dateModified\":\"2025-02-27T17:57:17+00:00\",\"breadcrumb\":{\"@id\":\"https:\/\/pocholepratti.org\/nueva\/trinchera-del-sur\/#breadcrumb\"},\"inLanguage\":\"es\",\"potentialAction\":[{\"@type\":\"ReadAction\",\"target\":[\"https:\/\/pocholepratti.org\/nueva\/trinchera-del-sur\/\"]}]},{\"@type\":\"ImageObject\",\"inLanguage\":\"es\",\"@id\":\"https:\/\/pocholepratti.org\/nueva\/trinchera-del-sur\/#primaryimage\",\"url\":\"https:\/\/pocholepratti.org\/nueva\/wp-content\/uploads\/2025\/02\/Diseno-sin-titulo-3.jpg\",\"contentUrl\":\"https:\/\/pocholepratti.org\/nueva\/wp-content\/uploads\/2025\/02\/Diseno-sin-titulo-3.jpg\",\"width\":851,\"height\":315},{\"@type\":\"BreadcrumbList\",\"@id\":\"https:\/\/pocholepratti.org\/nueva\/trinchera-del-sur\/#breadcrumb\",\"itemListElement\":[{\"@type\":\"ListItem\",\"position\":1,\"name\":\"Portada\",\"item\":\"https:\/\/pocholepratti.org\/nueva\/\"},{\"@type\":\"ListItem\",\"position\":2,\"name\":\"TRINCHERA DEL SUR\"}]},{\"@type\":\"WebSite\",\"@id\":\"https:\/\/pocholepratti.org\/nueva\/#website\",\"url\":\"https:\/\/pocholepratti.org\/nueva\/\",\"name\":\"Radio la Hormiga 104.3\",\"description\":\"Biblioteca popular Pocho Lepratti\",\"publisher\":{\"@id\":\"https:\/\/pocholepratti.org\/nueva\/#organization\"},\"potentialAction\":[{\"@type\":\"SearchAction\",\"target\":{\"@type\":\"EntryPoint\",\"urlTemplate\":\"https:\/\/pocholepratti.org\/nueva\/?s={search_term_string}\"},\"query-input\":{\"@type\":\"PropertyValueSpecification\",\"valueRequired\":true,\"valueName\":\"search_term_string\"}}],\"inLanguage\":\"es\"},{\"@type\":\"Organization\",\"@id\":\"https:\/\/pocholepratti.org\/nueva\/#organization\",\"name\":\"Radio la Hormiga 104.3\",\"url\":\"https:\/\/pocholepratti.org\/nueva\/\",\"logo\":{\"@type\":\"ImageObject\",\"inLanguage\":\"es\",\"@id\":\"https:\/\/pocholepratti.org\/nueva\/#\/schema\/logo\/image\/\",\"url\":\"https:\/\/pocholepratti.org\/nueva\/wp-content\/uploads\/2024\/09\/cropped-cropped-cropped-LOGO-BIBLIO.jpg\",\"contentUrl\":\"https:\/\/pocholepratti.org\/nueva\/wp-content\/uploads\/2024\/09\/cropped-cropped-cropped-LOGO-BIBLIO.jpg\",\"width\":982,\"height\":982,\"caption\":\"Radio la Hormiga 104.3\"},\"image\":{\"@id\":\"https:\/\/pocholepratti.org\/nueva\/#\/schema\/logo\/image\/\"},\"sameAs\":[\"https:\/\/web.facebook.com\/biblioteca.pocholepratti\"]}]}<\/script>\n<!-- \/ Yoast SEO plugin. -->","yoast_head_json":{"title":"TRINCHERA DEL SUR - Radio la Hormiga 104.3","robots":{"index":"index","follow":"follow","max-snippet":"max-snippet:-1","max-image-preview":"max-image-preview:large","max-video-preview":"max-video-preview:-1"},"canonical":"https:\/\/pocholepratti.org\/nueva\/trinchera-del-sur\/","og_locale":"es_ES","og_type":"article","og_title":"TRINCHERA DEL SUR - Radio la Hormiga 104.3","og_description":"\u00a0\u00a0 \u00a0 \u00a0 \u00a0 \u00a0 \u00a0 \u00a0 \u00a0 \u00a0 \u00a0 \u00a0 \u00a0 \u00a0 \u00a0 \u00a0 \u00a0 \u00a0 \u00a0 \u00a0 \u00a0 \u00a0 \u00bfQ\u1d1c\u1d07\u0301 \u1d07s T\u0280\u026a\u0274\u1d04\u029c\u1d07\u0280\u1d00 \u1d05\u1d07\u029f S\u1d1c\u0280?Es un estudio multimedia gestado en el l\u00edmite de dos barrios sure\u00f1os de la ciudad de Rosario, m\u00e1s precisamente Barrio Tablada y La Sexta. Ubicado en las instalaciones de la [&hellip;]","og_url":"https:\/\/pocholepratti.org\/nueva\/trinchera-del-sur\/","og_site_name":"Radio la Hormiga 104.3","article_publisher":"https:\/\/web.facebook.com\/biblioteca.pocholepratti","article_modified_time":"2025-02-27T17:57:17+00:00","og_image":[{"width":851,"height":315,"url":"https:\/\/pocholepratti.org\/nueva\/wp-content\/uploads\/2025\/02\/Diseno-sin-titulo-3.jpg","type":"image\/jpeg"}],"twitter_card":"summary_large_image","twitter_misc":{"Tiempo de lectura":"1 minuto"},"schema":{"@context":"https:\/\/schema.org","@graph":[{"@type":"WebPage","@id":"https:\/\/pocholepratti.org\/nueva\/trinchera-del-sur\/","url":"https:\/\/pocholepratti.org\/nueva\/trinchera-del-sur\/","name":"TRINCHERA DEL SUR - Radio la Hormiga 104.3","isPartOf":{"@id":"https:\/\/pocholepratti.org\/nueva\/#website"},"primaryImageOfPage":{"@id":"https:\/\/pocholepratti.org\/nueva\/trinchera-del-sur\/#primaryimage"},"image":{"@id":"https:\/\/pocholepratti.org\/nueva\/trinchera-del-sur\/#primaryimage"},"thumbnailUrl":"https:\/\/pocholepratti.org\/nueva\/wp-content\/uploads\/2025\/02\/Diseno-sin-titulo-3.jpg","datePublished":"2024-11-24T18:59:43+00:00","dateModified":"2025-02-27T17:57:17+00:00","breadcrumb":{"@id":"https:\/\/pocholepratti.org\/nueva\/trinchera-del-sur\/#breadcrumb"},"inLanguage":"es","potentialAction":[{"@type":"ReadAction","target":["https:\/\/pocholepratti.org\/nueva\/trinchera-del-sur\/"]}]},{"@type":"ImageObject","inLanguage":"es","@id":"https:\/\/pocholepratti.org\/nueva\/trinchera-del-sur\/#primaryimage","url":"https:\/\/pocholepratti.org\/nueva\/wp-content\/uploads\/2025\/02\/Diseno-sin-titulo-3.jpg","contentUrl":"https:\/\/pocholepratti.org\/nueva\/wp-content\/uploads\/2025\/02\/Diseno-sin-titulo-3.jpg","width":851,"height":315},{"@type":"BreadcrumbList","@id":"https:\/\/pocholepratti.org\/nueva\/trinchera-del-sur\/#breadcrumb","itemListElement":[{"@type":"ListItem","position":1,"name":"Portada","item":"https:\/\/pocholepratti.org\/nueva\/"},{"@type":"ListItem","position":2,"name":"TRINCHERA DEL SUR"}]},{"@type":"WebSite","@id":"https:\/\/pocholepratti.org\/nueva\/#website","url":"https:\/\/pocholepratti.org\/nueva\/","name":"Radio la Hormiga 104.3","description":"Biblioteca popular Pocho Lepratti","publisher":{"@id":"https:\/\/pocholepratti.org\/nueva\/#organization"},"potentialAction":[{"@type":"SearchAction","target":{"@type":"EntryPoint","urlTemplate":"https:\/\/pocholepratti.org\/nueva\/?s={search_term_string}"},"query-input":{"@type":"PropertyValueSpecification","valueRequired":true,"valueName":"search_term_string"}}],"inLanguage":"es"},{"@type":"Organization","@id":"https:\/\/pocholepratti.org\/nueva\/#organization","name":"Radio la Hormiga 104.3","url":"https:\/\/pocholepratti.org\/nueva\/","logo":{"@type":"ImageObject","inLanguage":"es","@id":"https:\/\/pocholepratti.org\/nueva\/#\/schema\/logo\/image\/","url":"https:\/\/pocholepratti.org\/nueva\/wp-content\/uploads\/2024\/09\/cropped-cropped-cropped-LOGO-BIBLIO.jpg","contentUrl":"https:\/\/pocholepratti.org\/nueva\/wp-content\/uploads\/2024\/09\/cropped-cropped-cropped-LOGO-BIBLIO.jpg","width":982,"height":982,"caption":"Radio la Hormiga 104.3"},"image":{"@id":"https:\/\/pocholepratti.org\/nueva\/#\/schema\/logo\/image\/"},"sameAs":["https:\/\/web.facebook.com\/biblioteca.pocholepratti"]}]}},"_links":{"self":[{"href":"https:\/\/pocholepratti.org\/nueva\/wp-json\/wp\/v2\/pages\/1584","targetHints":{"allow":["GET"]}}],"collection":[{"href":"https:\/\/pocholepratti.org\/nueva\/wp-json\/wp\/v2\/pages"}],"about":[{"href":"https:\/\/pocholepratti.org\/nueva\/wp-json\/wp\/v2\/types\/page"}],"author":[{"embeddable":true,"href":"https:\/\/pocholepratti.org\/nueva\/wp-json\/wp\/v2\/users\/5"}],"replies":[{"embeddable":true,"href":"https:\/\/pocholepratti.org\/nueva\/wp-json\/wp\/v2\/comments?post=1584"}],"version-history":[{"count":7,"href":"https:\/\/pocholepratti.org\/nueva\/wp-json\/wp\/v2\/pages\/1584\/revisions"}],"predecessor-version":[{"id":1745,"href":"https:\/\/pocholepratti.org\/nueva\/wp-json\/wp\/v2\/pages\/1584\/revisions\/1745"}],"wp:attachment":[{"href":"https:\/\/pocholepratti.org\/nueva\/wp-json\/wp\/v2\/media?parent=1584"}],"curies":[{"name":"wp","href":"https:\/\/api.w.org\/{rel}","templated":true}]}}